{"id":971,"date":"2020-08-05T17:27:36","date_gmt":"2020-08-05T17:27:36","guid":{"rendered":"https:\/\/music.celiamalheiros.com\/?post_type=product&#038;p=971"},"modified":"2022-10-06T16:13:42","modified_gmt":"2022-10-06T16:13:42","slug":"after-the-carnaval","status":"publish","type":"product","link":"https:\/\/www.celiamalheiros.com\/pt\/produto\/after-the-carnaval\/","title":{"rendered":"After the Carnaval Album"},"content":{"rendered":"<p>After the Carnaval album<\/p>\n<div class=\"elementor-element elementor-element-727cf41 elementor-column elementor-col-50 elementor-inner-column\" data-id=\"727cf41\" data-element_type=\"column\">\n<div class=\"elementor-column-wrap elementor-element-populated\">\n<div class=\"elementor-widget-wrap\">\n<div class=\"elementor-element elementor-element-76ef461 elementor-widget elementor-widget-heading\" data-id=\"76ef461\" data-element_type=\"widget\" data-widget_type=\"heading.default\">\n<div class=\"elementor-widget-container\">\n<h3 class=\"elementor-heading-title elementor-size-default\">tRIO<\/h3>\n<\/div>\n<\/div>\n<div class=\"elementor-element elementor-element-333c82e elementor-widget elementor-widget-text-editor\" data-id=\"333c82e\" data-element_type=\"widget\" data-widget_type=\"text-editor.default\">\n<div class=\"elementor-widget-container\">\n<div class=\"elementor-text-editor elementor-clearfix\">\n<p><em><strong>Thomas Clausen<\/strong><\/em><br \/>\nPiano, Fender Rhodes<\/p>\n<p><em><strong>Celia Malheiros<\/strong><br \/>\n<\/em>Viol\u0101o, Vocal, Percuss\u00e3o<\/p>\n<p><em><strong>Carlos Malta<br \/>\n<\/strong><\/em>Saxofone Soprano e flautas<\/p>\n<\/div>\n<\/div>\n<\/div>\n<\/div>\n<\/div>\n<\/div>\n<p>Das mais sofisticadas harmonias jazz\u00edsticas e improvisa\u00e7\u00f5es aos sons folcl\u00f3ricos e ind\u00edgenas do Brasil, este tRIO ecl\u00e9tico criou um som novo e emocionante em seu \u00e1lbum. Gravado no Rio logo ap\u00f3s o Carnaval, com os tr\u00eas m\u00fasicos na mesma sala ac\u00fastica e sem overdubs, o resultado \u00e9 um som ao vivo incr\u00edvel. Multi-instrumentistas, compositores e arranjadores este super tRIO criou uma categoria pr\u00f3pria no mundo da m\u00fasica.<\/p>","protected":false},"excerpt":{"rendered":"<p>The <em>After the Carnaval<\/em> album featuring tRIO (Thomas Clausen, Carlos Malta, Celia Malheiros)<\/p>","protected":false},"featured_media":1088,"comment_status":"open","ping_status":"closed","template":"","meta":{"site-sidebar-layout":"left-sidebar","site-content-layout":"default","ast-site-content-layout":"default","site-content-style":"default","site-sidebar-style":"default","ast-global-header-display":"","ast-banner-title-visibility":"","ast-main-header-display":"","ast-hfb-above-header-display":"","ast-hfb-below-header-display":"","ast-hfb-mobile-header-display":"","site-post-title":"","ast-breadcrumbs-content":"","ast-featured-img":"","footer-sml-layout":"","ast-disable-related-posts":"","theme-transparent-header-meta":"default","adv-header-id-meta":"","stick-header-meta":"","header-above-stick-meta":"","header-main-stick-meta":"","header-below-stick-meta":"","astra-migrate-meta-layouts":"default","ast-page-background-enabled":"default","ast-page-background-meta":{"desktop":{"background-color":"","background-image":"","background-repeat":"repeat","background-position":"center center","background-size":"auto","background-attachment":"scroll","background-type":"","background-media":"","overlay-type":"","overlay-color":"","overlay-opacity":"","overlay-gradient":""},"tablet":{"background-color":"","background-image":"","background-repeat":"repeat","background-position":"center center","background-size":"auto","background-attachment":"scroll","background-type":"","background-media":"","overlay-type":"","overlay-color":"","overlay-opacity":"","overlay-gradient":""},"mobile":{"background-color":"","background-image":"","background-repeat":"repeat","background-position":"center center","background-size":"auto","background-attachment":"scroll","background-type":"","background-media":"","overlay-type":"","overlay-color":"","overlay-opacity":"","overlay-gradient":""}},"ast-content-background-meta":{"desktop":{"background-color":"var(--ast-global-color-5)","background-image":"","background-repeat":"repeat","background-position":"center center","background-size":"auto","background-attachment":"scroll","background-type":"","background-media":"","overlay-type":"","overlay-color":"","overlay-opacity":"","overlay-gradient":""},"tablet":{"background-color":"var(--ast-global-color-5)","background-image":"","background-repeat":"repeat","background-position":"center center","background-size":"auto","background-attachment":"scroll","background-type":"","background-media":"","overlay-type":"","overlay-color":"","overlay-opacity":"","overlay-gradient":""},"mobile":{"background-color":"var(--ast-global-color-5)","background-image":"","background-repeat":"repeat","background-position":"center center","background-size":"auto","background-attachment":"scroll","background-type":"","background-media":"","overlay-type":"","overlay-color":"","overlay-opacity":"","overlay-gradient":""}}},"product_brand":[],"product_cat":[20],"product_tag":[],"class_list":{"0":"post-971","1":"product","2":"type-product","3":"status-publish","4":"has-post-thumbnail","6":"product_cat-albums","7":"desktop-align-left","8":"tablet-align-left","9":"mobile-align-left","11":"first","12":"instock","13":"taxable","14":"shipping-taxable","15":"purchasable","16":"product-type-variable"},"jetpack_sharing_enabled":true,"_links":{"self":[{"href":"https:\/\/www.celiamalheiros.com\/pt\/wp-json\/wp\/v2\/product\/971","targetHints":{"allow":["GET"]}}],"collection":[{"href":"https:\/\/www.celiamalheiros.com\/pt\/wp-json\/wp\/v2\/product"}],"about":[{"href":"https:\/\/www.celiamalheiros.com\/pt\/wp-json\/wp\/v2\/types\/product"}],"replies":[{"embeddable":true,"href":"https:\/\/www.celiamalheiros.com\/pt\/wp-json\/wp\/v2\/comments?post=971"}],"version-history":[{"count":4,"href":"https:\/\/www.celiamalheiros.com\/pt\/wp-json\/wp\/v2\/product\/971\/revisions"}],"predecessor-version":[{"id":1126,"href":"https:\/\/www.celiamalheiros.com\/pt\/wp-json\/wp\/v2\/product\/971\/revisions\/1126"}],"wp:featuredmedia":[{"embeddable":true,"href":"https:\/\/www.celiamalheiros.com\/pt\/wp-json\/wp\/v2\/media\/1088"}],"wp:attachment":[{"href":"https:\/\/www.celiamalheiros.com\/pt\/wp-json\/wp\/v2\/media?parent=971"}],"wp:term":[{"taxonomy":"product_brand","embeddable":true,"href":"https:\/\/www.celiamalheiros.com\/pt\/wp-json\/wp\/v2\/product_brand?post=971"},{"taxonomy":"product_cat","embeddable":true,"href":"https:\/\/www.celiamalheiros.com\/pt\/wp-json\/wp\/v2\/product_cat?post=971"},{"taxonomy":"product_tag","embeddable":true,"href":"https:\/\/www.celiamalheiros.com\/pt\/wp-json\/wp\/v2\/product_tag?post=971"}],"curies":[{"name":"wp","href":"https:\/\/api.w.org\/{rel}","templated":true}]}}