{"id":1149,"date":"2020-08-16T04:32:09","date_gmt":"2020-08-16T04:32:09","guid":{"rendered":"https:\/\/celiamalheiros.com\/?post_type=product&#038;p=1149"},"modified":"2022-04-21T10:22:08","modified_gmt":"2022-04-21T10:22:08","slug":"cenario-brasileiro","status":"publish","type":"product","link":"https:\/\/www.celiamalheiros.com\/pt\/produto\/cenario-brasileiro\/","title":{"rendered":"Cen\u00e1rio Brasileiro Album"},"content":{"rendered":"<p>The album Cen\u00e1rio Brasileiro feat. Jo\u00e3o Bosco<\/p>\n<p>I was very lucky to be born in such a rich country! Brazil has more varities of birds, plants, fruits, styles of music and dances than any other place in the world! I am from Rio, the birth place of samba and choro. My family comes from the northeast where I drank from the pure waters of bai\u00e3o, xote, ciranda, frevo and countless other rhythms. This CD is a mixture of the traditional and the modern, roots and fruits: Itiber\u00ea Orquestra Fam\u00edlia, formed by incredible young musicians, that are carrying the flag of the \u201cUniversal Sound\u201d of the Master Hermeto Pascoal. Jo\u00e3o Bosco\u2019s music swings like Rio, a bridge in which generations walk, listening to the drumming of \u201csurdos\u201d, the hearts of our ancestors. Come! Take my hand and join me with these great musicians as we embark on this journey\u2026<\/p>\n<p>\u2014 Cen\u00e1rio Brasileiro<\/p>\n<p>\u201cThis musical garden mixes the rhythm and flavor of the traditional with the modern heat anf heart of Brazil. Celia\u2019s instruments, vocals and unique compositions pulse with a freshness and vitality that stir a rhythm magic. It is as if Malheiros captures the perpetual flirtation of chattering voices deep within the amazon and makes it her song. This must have CD features a cast of incredible Brazilian artists bringing their light to shine on this musical journey. Hear this music \u201cCen\u00e1rio Brasileiro\u201d (Brazilian Scenery) and travel to the very soul of Brazil.\u201d<\/p>\n<p>\u2014 Jean Bartlett, Critica de M\u00fasica, USA<\/p>","protected":false},"excerpt":{"rendered":"<p><em>The album Cen\u00e1rio Brasileiro feat. Jo\u00e3o Bosco<\/em><\/p>","protected":false},"featured_media":983,"comment_status":"open","ping_status":"closed","template":"","meta":{"site-sidebar-layout":"left-sidebar","site-content-layout":"default","ast-site-content-layout":"default","site-content-style":"default","site-sidebar-style":"default","ast-global-header-display":"","ast-banner-title-visibility":"","ast-main-header-display":"","ast-hfb-above-header-display":"","ast-hfb-below-header-display":"","ast-hfb-mobile-header-display":"","site-post-title":"","ast-breadcrumbs-content":"","ast-featured-img":"","footer-sml-layout":"","ast-disable-related-posts":"","theme-transparent-header-meta":"default","adv-header-id-meta":"","stick-header-meta":"","header-above-stick-meta":"","header-main-stick-meta":"","header-below-stick-meta":"","astra-migrate-meta-layouts":"default","ast-page-background-enabled":"default","ast-page-background-meta":{"desktop":{"background-color":"","background-image":"","background-repeat":"repeat","background-position":"center center","background-size":"auto","background-attachment":"scroll","background-type":"","background-media":"","overlay-type":"","overlay-color":"","overlay-opacity":"","overlay-gradient":""},"tablet":{"background-color":"","background-image":"","background-repeat":"repeat","background-position":"center center","background-size":"auto","background-attachment":"scroll","background-type":"","background-media":"","overlay-type":"","overlay-color":"","overlay-opacity":"","overlay-gradient":""},"mobile":{"background-color":"","background-image":"","background-repeat":"repeat","background-position":"center center","background-size":"auto","background-attachment":"scroll","background-type":"","background-media":"","overlay-type":"","overlay-color":"","overlay-opacity":"","overlay-gradient":""}},"ast-content-background-meta":{"desktop":{"background-color":"var(--ast-global-color-5)","background-image":"","background-repeat":"repeat","background-position":"center center","background-size":"auto","background-attachment":"scroll","background-type":"","background-media":"","overlay-type":"","overlay-color":"","overlay-opacity":"","overlay-gradient":""},"tablet":{"background-color":"var(--ast-global-color-5)","background-image":"","background-repeat":"repeat","background-position":"center center","background-size":"auto","background-attachment":"scroll","background-type":"","background-media":"","overlay-type":"","overlay-color":"","overlay-opacity":"","overlay-gradient":""},"mobile":{"background-color":"var(--ast-global-color-5)","background-image":"","background-repeat":"repeat","background-position":"center center","background-size":"auto","background-attachment":"scroll","background-type":"","background-media":"","overlay-type":"","overlay-color":"","overlay-opacity":"","overlay-gradient":""}}},"product_brand":[],"product_cat":[20],"product_tag":[],"class_list":{"0":"post-1149","1":"product","2":"type-product","3":"status-publish","4":"has-post-thumbnail","6":"product_cat-albums","7":"desktop-align-left","8":"tablet-align-left","9":"mobile-align-left","11":"first","12":"instock","13":"taxable","14":"shipping-taxable","15":"purchasable","16":"product-type-variable"},"jetpack_sharing_enabled":true,"_links":{"self":[{"href":"https:\/\/www.celiamalheiros.com\/pt\/wp-json\/wp\/v2\/product\/1149","targetHints":{"allow":["GET"]}}],"collection":[{"href":"https:\/\/www.celiamalheiros.com\/pt\/wp-json\/wp\/v2\/product"}],"about":[{"href":"https:\/\/www.celiamalheiros.com\/pt\/wp-json\/wp\/v2\/types\/product"}],"replies":[{"embeddable":true,"href":"https:\/\/www.celiamalheiros.com\/pt\/wp-json\/wp\/v2\/comments?post=1149"}],"version-history":[{"count":3,"href":"https:\/\/www.celiamalheiros.com\/pt\/wp-json\/wp\/v2\/product\/1149\/revisions"}],"predecessor-version":[{"id":1154,"href":"https:\/\/www.celiamalheiros.com\/pt\/wp-json\/wp\/v2\/product\/1149\/revisions\/1154"}],"wp:featuredmedia":[{"embeddable":true,"href":"https:\/\/www.celiamalheiros.com\/pt\/wp-json\/wp\/v2\/media\/983"}],"wp:attachment":[{"href":"https:\/\/www.celiamalheiros.com\/pt\/wp-json\/wp\/v2\/media?parent=1149"}],"wp:term":[{"taxonomy":"product_brand","embeddable":true,"href":"https:\/\/www.celiamalheiros.com\/pt\/wp-json\/wp\/v2\/product_brand?post=1149"},{"taxonomy":"product_cat","embeddable":true,"href":"https:\/\/www.celiamalheiros.com\/pt\/wp-json\/wp\/v2\/product_cat?post=1149"},{"taxonomy":"product_tag","embeddable":true,"href":"https:\/\/www.celiamalheiros.com\/pt\/wp-json\/wp\/v2\/product_tag?post=1149"}],"curies":[{"name":"wp","href":"https:\/\/api.w.org\/{rel}","templated":true}]}}