{"id":862,"date":"2020-07-18T19:13:19","date_gmt":"2020-07-18T19:13:19","guid":{"rendered":"https:\/\/music.celiamalheiros.com\/?page_id=862"},"modified":"2020-07-18T19:20:41","modified_gmt":"2020-07-18T19:20:41","slug":"bis-2002","status":"publish","type":"page","link":"https:\/\/www.celiamalheiros.com\/pt\/bis-2002\/","title":{"rendered":"Bis 2002"},"content":{"rendered":"<h3>CELIA MALHEIROS faz show no Rio ap\u00f3s 22 anos de EUA<\/h3>\n<h4>Bis<\/h4>\n<p>29 de Agosto de 2002<\/p>\n<p>Mesmo morando h\u00e1 22 anos nos Estados, a cantora, <img data-recalc-dims=\"1\" fetchpriority=\"high\" decoding=\"async\" src=\"https:\/\/i0.wp.com\/www.celiamalheiros.com\/MyBlog\/wp-content\/uploads\/2020\/07\/BISphoto-203x300.jpg?resize=203%2C300&#038;ssl=1\" alt=\"\" width=\"203\" height=\"300\" \/>compositora e multi-instrumentista Celia Malheiros nunca se desligou da m\u00fasica brasileira. \u201cDesde que fui para l\u00e1, minha intens\u00e3o era aprimorar algumas t\u00e9cnicas e dar continuidade ao meu trabalho de composi\u00e7\u00e3o\u201d, explica. Hoje \u00e9 um dia mais que especial para ela, pois \u00e9 a primeira presenta\u00e7\u00e3o que faz no Rio \u2013 e no Brasil \u2013 depois de tanto tempo morando no exterior.<\/p>\n<p>Celia lan\u00e7a seu primeiro CD \u201cSempre Crescendo\u201d no Mistura Fina, a partir das 21h30. Nos Estados Unidos Celia organizava o famoso carnaval de S\u00e3o Francisco e faz shows semanalmente. \u201dAs pessoas querem ouvir \u201cGarota de Ipanema\u201d e Aquarela do Brasil\u201d\u2026 \u201cEu nunca parei de fazer m\u00fasica\u201d \u2013 ela contabiliza 500 composi\u00e7\u00f5es \u2013 mas ficava desanimada para lan\u00e7ar um trabalho autoral por causa disto. \u201dAgora decidi gravar este Cd e vou me dedicar inteiramente \u00e0s minhas m\u00fasicas\u201d, avisa. \u201dSempre Crescendo\u201d foi lan\u00e7ado em mar\u00e7o nos Estados Unidos. Independente, o disco conta com a participa\u00e7\u00e3o de 57 m\u00fasicos. \u201c\u00c9 um CD variado, cada faixa tem uma grupo diferente de m\u00fasicos.<\/p>\n<p>Tem sons mais regionais como \u201c Ao Mestre Cartola \u201c e tambem tipo big band como \u201cFremeto\u201d\u2026 soa como uma hist\u00f3ria, e era justamente isso que eu queria \u201c, explica Celia. Na apresenta\u00e7\u00e3o do Mistura Fina, Celia ser\u00e1 acompanhada pelos m\u00fasicos Marcelo Bernardes, D\u00e9lia Fisher, M\u00e1rcio Bahia, Dudu Lima, Fernando Gama e Ignez Perdig\u00e3o. \u201cNo \u00faltimo show eu toquei 12 instrumentos. Como n\u00e3o coube no avi\u00e3o, vou tocar seis\u201d, brinca. Tendo como \u201cpadrinhos\u201d musicais Jo\u00e3o Bosco e Hermeto Pascoal \u2013 que participa do disco \u2013 Celia que tem muitas m\u00fasicas compostas, algumas em ingles mais maioria em portugues ou instrumentais, diz que o pr\u00f3ximo passo \u00e9 procurar interpretes para grav\u00e1-las.<br \/>Depois da estadia no Rio, ela volta aos Estados Unidos para fazer outro lan\u00e7amento, em novembro no Brava Theater e na casa de jazz Yoshi\u2019s. (M.L.)<\/p>","protected":false},"excerpt":{"rendered":"<p>CELIA MALHEIROS faz show no Rio ap\u00f3s 22 anos de EUA Bis 29 de Agosto de 2002 Mesmo morando h\u00e1 22 anos nos Estados, a cantora, compositora e multi-instrumentista Celia Malheiros nunca se desligou da m\u00fasica brasileira. \u201cDesde que fui para l\u00e1, minha intens\u00e3o era aprimorar algumas t\u00e9cnicas e dar continuidade ao meu trabalho de [&hellip;]<\/p>\n","protected":false},"author":1,"featured_media":0,"parent":0,"menu_order":0,"comment_status":"closed","ping_status":"closed","template":"","meta":{"site-sidebar-layout":"no-sidebar","site-content-layout":"page-builder","ast-site-content-layout":"default","site-content-style":"default","site-sidebar-style":"default","ast-global-header-display":"","ast-banner-title-visibility":"","ast-main-header-display":"","ast-hfb-above-header-display":"","ast-hfb-below-header-display":"","ast-hfb-mobile-header-display":"","site-post-title":"disabled","ast-breadcrumbs-content":"","ast-featured-img":"disabled","footer-sml-layout":"","ast-disable-related-posts":"","theme-transparent-header-meta":"default","adv-header-id-meta":"","stick-header-meta":"","header-above-stick-meta":"","header-main-stick-meta":"","header-below-stick-meta":"","astra-migrate-meta-layouts":"default","ast-page-background-enabled":"default","ast-page-background-meta":{"desktop":{"background-color":"","background-image":"","background-repeat":"repeat","background-position":"center center","background-size":"auto","background-attachment":"scroll","background-type":"","background-media":"","overlay-type":"","overlay-color":"","overlay-opacity":"","overlay-gradient":""},"tablet":{"background-color":"","background-image":"","background-repeat":"repeat","background-position":"center center","background-size":"auto","background-attachment":"scroll","background-type":"","background-media":"","overlay-type":"","overlay-color":"","overlay-opacity":"","overlay-gradient":""},"mobile":{"background-color":"","background-image":"","background-repeat":"repeat","background-position":"center center","background-size":"auto","background-attachment":"scroll","background-type":"","background-media":"","overlay-type":"","overlay-color":"","overlay-opacity":"","overlay-gradient":""}},"ast-content-background-meta":{"desktop":{"background-color":"var(--ast-global-color-5)","background-image":"","background-repeat":"repeat","background-position":"center center","background-size":"auto","background-attachment":"scroll","background-type":"","background-media":"","overlay-type":"","overlay-color":"","overlay-opacity":"","overlay-gradient":""},"tablet":{"background-color":"var(--ast-global-color-5)","background-image":"","background-repeat":"repeat","background-position":"center center","background-size":"auto","background-attachment":"scroll","background-type":"","background-media":"","overlay-type":"","overlay-color":"","overlay-opacity":"","overlay-gradient":""},"mobile":{"background-color":"var(--ast-global-color-5)","background-image":"","background-repeat":"repeat","background-position":"center center","background-size":"auto","background-attachment":"scroll","background-type":"","background-media":"","overlay-type":"","overlay-color":"","overlay-opacity":"","overlay-gradient":""}},"footnotes":""},"class_list":["post-862","page","type-page","status-publish","hentry"],"jetpack_sharing_enabled":true,"_links":{"self":[{"href":"https:\/\/www.celiamalheiros.com\/pt\/wp-json\/wp\/v2\/pages\/862","targetHints":{"allow":["GET"]}}],"collection":[{"href":"https:\/\/www.celiamalheiros.com\/pt\/wp-json\/wp\/v2\/pages"}],"about":[{"href":"https:\/\/www.celiamalheiros.com\/pt\/wp-json\/wp\/v2\/types\/page"}],"author":[{"embeddable":true,"href":"https:\/\/www.celiamalheiros.com\/pt\/wp-json\/wp\/v2\/users\/1"}],"replies":[{"embeddable":true,"href":"https:\/\/www.celiamalheiros.com\/pt\/wp-json\/wp\/v2\/comments?post=862"}],"version-history":[{"count":2,"href":"https:\/\/www.celiamalheiros.com\/pt\/wp-json\/wp\/v2\/pages\/862\/revisions"}],"predecessor-version":[{"id":866,"href":"https:\/\/www.celiamalheiros.com\/pt\/wp-json\/wp\/v2\/pages\/862\/revisions\/866"}],"wp:attachment":[{"href":"https:\/\/www.celiamalheiros.com\/pt\/wp-json\/wp\/v2\/media?parent=862"}],"curies":[{"name":"wp","href":"https:\/\/api.w.org\/{rel}","templated":true}]}}