{"id":854,"date":"2020-07-18T18:58:52","date_gmt":"2020-07-18T18:58:52","guid":{"rendered":"https:\/\/music.celiamalheiros.com\/?page_id=854"},"modified":"2020-07-18T19:00:28","modified_gmt":"2020-07-18T19:00:28","slug":"daniella-thompson-2002","status":"publish","type":"page","link":"https:\/\/www.celiamalheiros.com\/pt\/daniella-thompson-2002\/","title":{"rendered":"Daniella Thompson 2002"},"content":{"rendered":"\t\t<div data-elementor-type=\"wp-page\" data-elementor-id=\"854\" class=\"elementor elementor-854\">\n\t\t\t\t\t\t<section class=\"elementor-section elementor-top-section elementor-element elementor-element-4a0f95b elementor-section-boxed elementor-section-height-default elementor-section-height-default\" data-id=\"4a0f95b\" data-element_type=\"section\" data-e-type=\"section\">\n\t\t\t\t\t\t<div class=\"elementor-container elementor-column-gap-default\">\n\t\t\t\t\t<div class=\"elementor-column elementor-col-100 elementor-top-column elementor-element elementor-element-9598d40\" data-id=\"9598d40\" data-element_type=\"column\" data-e-type=\"column\">\n\t\t\t<div class=\"elementor-widget-wrap elementor-element-populated\">\n\t\t\t\t\t\t<div class=\"elementor-element elementor-element-0fb8291 elementor-widget elementor-widget-spacer\" data-id=\"0fb8291\" data-element_type=\"widget\" data-e-type=\"widget\" data-widget_type=\"spacer.default\">\n\t\t\t\t<div class=\"elementor-widget-container\">\n\t\t\t\t\t\t\t<div class=\"elementor-spacer\">\n\t\t\t<div class=\"elementor-spacer-inner\"><\/div>\n\t\t<\/div>\n\t\t\t\t\t\t<\/div>\n\t\t\t\t<\/div>\n\t\t\t\t<div class=\"elementor-element elementor-element-a759e98 elementor-widget elementor-widget-text-editor\" data-id=\"a759e98\" data-element_type=\"widget\" data-e-type=\"widget\" data-widget_type=\"text-editor.default\">\n\t\t\t\t<div class=\"elementor-widget-container\">\n\t\t\t\t\t\t\t\t\t<h4>Daniella Thompson on Brazil<\/h4><h5>Thursday, May 09, 2002<\/h5><p><a href=\"http:\/\/daniv.blogspot.com\">visit the site<\/a><\/p><p><span style=\"color: #382e77; font-size: medium;\">Celia Malheiros evokes the spirits of tradition in a thoroughly modern creation. <\/span><span style=\"color: #382e77;\">Multi-instrumentalist, composer, and singer, Celia Malheiros, has been calling the San Francisco Bay Area home for twenty years. Nonetheless, her spiritual home continues to be Brazil, whose rhythms and nuances fill her debut disc, Sempre Crescendo.<br \/><br \/><\/span><span style=\"color: #382e77;\">As the album title indicates, Celia is an explorer, and she selected the best guides for her musical adventure: Cartola, Tom Jobim, and Hermeto Pascoal. The latter even makes two appearances in the disc, as does a select group of top instrumentalists.<\/span><\/p><p><span style=\"color: #382e77;\">Cartola is the dedicatee of the beautiful opening samba, a hymn to love inventively arranged by Ign\u00e9z Perdig\u00e3o for piano (Jo\u00e3o Rebou\u00e7as), guitar &amp; cavaco (Perdig\u00e3o), flute (Marcelo Bernardes), fluegelhorn (Nelson Oliveira), trombone (Serginho de Jesus), bass (Jorge Helder), drums (Wilson das Neves), pandeiro, tamborim &amp; cu\u00edca (Marcos Suzano), repique de anel &amp; surdo (Trambique). There&#8217;s a tip of the hat to Ary Barroso&#8217;s \u201cNa Baixa do Sapateiro\u201d in the opening strains.<br \/><i>[&#8230;] Quem do amor fugiu, hoje anda triste e vive s\u00f3. [&#8230;]<br \/><br \/>[&#8230;] Se o amor \u00e9 uma pris\u00e3o<br \/>E voc\u00ea me trancou, por favor<br \/>Jogue a chave no mar.<br \/><\/i><br \/>Yemanj\u00e1, Afro-Brazilian goddess of the sea, receives her due in an upbeat samba-louva\u00e7\u00e3o that is a paean to all womankind. Celia&#8217;s arrangement includes her own singing and spoken words, a female chorus, and instrumentation similar to the one in \u201cAo Mestre Cartola,\u201d with an additional clarinet (Marcelo Bernardes), Celsinho Silva on atabaques, pandeiro &amp; agog\u00f4, and Mestre Caboclinho on atabaques, agog\u00f4, and a wonderful candombl\u00e9-style vocal at the conclusion.<br \/><br \/><i>[&#8230;] As conchas ecoam o teu eterno cantar<br \/>Que ressoa por todo o universo<br \/>Onde a dan\u00e7a c\u00f3smica \u00e9 livre e sensual<br \/>Como tu, rainha, soberana, Yemanj\u00e1.<br \/><br \/><\/i>The gentle Bossa Nova \u201cSoul Longing\u201d is dedicated to Tom Jobim. The title, an English rendering of saudade, finds the echo \u2018so long\u2019 in the lyrics, which use nature imagery to parallel emotional states:<br \/><br \/><i>[&#8230;] Like the rain that falls tonight<br \/>Changing sadness into \u201carte\u201d<br \/>Dancing thoughts floating together<br \/>We rise above the stormy weather.<br \/><br \/><\/i>\u201cPraia\u201d introduces an indolent Caribbean beat, carried by the vocal chorus, acoustic and electric guitars (Celia and Jos\u00e9 Neto, respectively), clarinet (Marcelo Bernardes), bass (Kai Eckhardt), and Suzano&#8217;s percussion, which utilizes pandeiro, caj\u00f3n, castalhas, and seashells.<br \/><br \/>Hermeto Pascoal joins Celia for \u201cSempre Crescendo com o Mestre\u201d in a remarkable vocalese\/piano duet that is pure musical exploration, wafting the listener from the lyrical to the atonal and back in seven and a half minutes.<br \/><br \/>The master returns for an encore in the frevo \u201cFremeto,\u201d arranged by his disciple Jovino Santos Neto. Hermeto plays melodica, accompanied by his longtime group members Itiber\u00ea Zwarg (bass) and M\u00e1rcio Bahia (drums &amp; percussion), who are bolstered by piano (Marcos Nimrichter), trumpet (Nelson Oliveira), trombone (Serginho de Jesus), alto sax (Maca\u00e9), and tenor sax (Marcelo Bernardes).<br \/><br \/>Two other noteworthy instrumentals are \u201cAmazon\u201d and \u201cWoman Being.\u201d The former is a rich tropical tapestry woven by Jovino and embroidered by Celia&#8217;s vocalese and Tony Corman&#8217;s flute. The latter is a showcase for Celia&#8217;s array of talents, as she plays berimbau, harmonium, cavaco, pandeiro, moringa, baya, triangle, and ganz\u00e1; vocalizes in Indian style; and waves us off with a well-deserved chuckle.<\/span><\/p>\t\t\t\t\t\t\t\t<\/div>\n\t\t\t\t<\/div>\n\t\t\t\t\t<\/div>\n\t\t<\/div>\n\t\t\t\t\t<\/div>\n\t\t<\/section>\n\t\t\t\t<\/div>\n\t\t","protected":false},"excerpt":{"rendered":"<p>Daniella Thompson on Brazil Thursday, May 09, 2002 visit the site Celia Malheiros evokes the spirits of tradition in a thoroughly modern creation. Multi-instrumentalist, composer, and singer, Celia Malheiros, has been calling the San Francisco Bay Area home for twenty years. Nonetheless, her spiritual home continues to be Brazil, whose rhythms and nuances fill her [&hellip;]<\/p>\n","protected":false},"author":1,"featured_media":0,"parent":0,"menu_order":0,"comment_status":"closed","ping_status":"closed","template":"","meta":{"site-sidebar-layout":"no-sidebar","site-content-layout":"page-builder","ast-site-content-layout":"default","site-content-style":"default","site-sidebar-style":"default","ast-global-header-display":"","ast-banner-title-visibility":"","ast-main-header-display":"","ast-hfb-above-header-display":"","ast-hfb-below-header-display":"","ast-hfb-mobile-header-display":"","site-post-title":"disabled","ast-breadcrumbs-content":"","ast-featured-img":"disabled","footer-sml-layout":"","ast-disable-related-posts":"","theme-transparent-header-meta":"default","adv-header-id-meta":"","stick-header-meta":"","header-above-stick-meta":"","header-main-stick-meta":"","header-below-stick-meta":"","astra-migrate-meta-layouts":"default","ast-page-background-enabled":"default","ast-page-background-meta":{"desktop":{"background-color":"","background-image":"","background-repeat":"repeat","background-position":"center center","background-size":"auto","background-attachment":"scroll","background-type":"","background-media":"","overlay-type":"","overlay-color":"","overlay-opacity":"","overlay-gradient":""},"tablet":{"background-color":"","background-image":"","background-repeat":"repeat","background-position":"center center","background-size":"auto","background-attachment":"scroll","background-type":"","background-media":"","overlay-type":"","overlay-color":"","overlay-opacity":"","overlay-gradient":""},"mobile":{"background-color":"","background-image":"","background-repeat":"repeat","background-position":"center center","background-size":"auto","background-attachment":"scroll","background-type":"","background-media":"","overlay-type":"","overlay-color":"","overlay-opacity":"","overlay-gradient":""}},"ast-content-background-meta":{"desktop":{"background-color":"var(--ast-global-color-5)","background-image":"","background-repeat":"repeat","background-position":"center center","background-size":"auto","background-attachment":"scroll","background-type":"","background-media":"","overlay-type":"","overlay-color":"","overlay-opacity":"","overlay-gradient":""},"tablet":{"background-color":"var(--ast-global-color-5)","background-image":"","background-repeat":"repeat","background-position":"center center","background-size":"auto","background-attachment":"scroll","background-type":"","background-media":"","overlay-type":"","overlay-color":"","overlay-opacity":"","overlay-gradient":""},"mobile":{"background-color":"var(--ast-global-color-5)","background-image":"","background-repeat":"repeat","background-position":"center center","background-size":"auto","background-attachment":"scroll","background-type":"","background-media":"","overlay-type":"","overlay-color":"","overlay-opacity":"","overlay-gradient":""}},"footnotes":""},"class_list":["post-854","page","type-page","status-publish","hentry"],"jetpack_sharing_enabled":true,"_links":{"self":[{"href":"https:\/\/www.celiamalheiros.com\/pt\/wp-json\/wp\/v2\/pages\/854","targetHints":{"allow":["GET"]}}],"collection":[{"href":"https:\/\/www.celiamalheiros.com\/pt\/wp-json\/wp\/v2\/pages"}],"about":[{"href":"https:\/\/www.celiamalheiros.com\/pt\/wp-json\/wp\/v2\/types\/page"}],"author":[{"embeddable":true,"href":"https:\/\/www.celiamalheiros.com\/pt\/wp-json\/wp\/v2\/users\/1"}],"replies":[{"embeddable":true,"href":"https:\/\/www.celiamalheiros.com\/pt\/wp-json\/wp\/v2\/comments?post=854"}],"version-history":[{"count":2,"href":"https:\/\/www.celiamalheiros.com\/pt\/wp-json\/wp\/v2\/pages\/854\/revisions"}],"predecessor-version":[{"id":856,"href":"https:\/\/www.celiamalheiros.com\/pt\/wp-json\/wp\/v2\/pages\/854\/revisions\/856"}],"wp:attachment":[{"href":"https:\/\/www.celiamalheiros.com\/pt\/wp-json\/wp\/v2\/media?parent=854"}],"curies":[{"name":"wp","href":"https:\/\/api.w.org\/{rel}","templated":true}]}}