{"id":841,"date":"2020-07-18T18:21:02","date_gmt":"2020-07-18T18:21:02","guid":{"rendered":"https:\/\/music.celiamalheiros.com\/?page_id=841"},"modified":"2020-08-11T05:55:42","modified_gmt":"2020-08-11T05:55:42","slug":"press","status":"publish","type":"page","link":"https:\/\/www.celiamalheiros.com\/pt\/press\/","title":{"rendered":"Imprensa"},"content":{"rendered":"<div data-elementor-type=\"wp-page\" data-elementor-id=\"841\" class=\"elementor elementor-841\">\n\t\t\t\t\t\t<section class=\"elementor-section elementor-top-section elementor-element elementor-element-9826b83 elementor-section-boxed elementor-section-height-default elementor-section-height-default\" data-id=\"9826b83\" data-element_type=\"section\" data-e-type=\"section\" data-settings=\"{&quot;background_background&quot;:&quot;classic&quot;}\">\n\t\t\t\t\t\t\t<div class=\"elementor-background-overlay\"><\/div>\n\t\t\t\t\t\t\t<div class=\"elementor-container elementor-column-gap-default\">\n\t\t\t\t\t<div class=\"elementor-column elementor-col-100 elementor-top-column elementor-element elementor-element-8b4588a\" data-id=\"8b4588a\" data-element_type=\"column\" data-e-type=\"column\">\n\t\t\t<div class=\"elementor-widget-wrap elementor-element-populated\">\n\t\t\t\t\t\t<div class=\"elementor-element elementor-element-c8eccee elementor-widget elementor-widget-spacer\" data-id=\"c8eccee\" data-element_type=\"widget\" data-e-type=\"widget\" data-widget_type=\"spacer.default\">\n\t\t\t\t<div class=\"elementor-widget-container\">\n\t\t\t\t\t\t\t<div class=\"elementor-spacer\">\n\t\t\t<div class=\"elementor-spacer-inner\"><\/div>\n\t\t<\/div>\n\t\t\t\t\t\t<\/div>\n\t\t\t\t<\/div>\n\t\t\t\t<section class=\"elementor-section elementor-inner-section elementor-element elementor-element-7747a72 elementor-section-boxed elementor-section-height-default elementor-section-height-default\" data-id=\"7747a72\" data-element_type=\"section\" data-e-type=\"section\">\n\t\t\t\t\t\t<div class=\"elementor-container elementor-column-gap-default\">\n\t\t\t\t\t<div class=\"elementor-column elementor-col-100 elementor-inner-column elementor-element elementor-element-bd12ec8\" data-id=\"bd12ec8\" data-element_type=\"column\" data-e-type=\"column\">\n\t\t\t<div class=\"elementor-widget-wrap elementor-element-populated\">\n\t\t\t\t\t\t<div class=\"elementor-element elementor-element-871f008 elementor-widget elementor-widget-heading\" data-id=\"871f008\" data-element_type=\"widget\" data-e-type=\"widget\" data-widget_type=\"heading.default\">\n\t\t\t\t<div class=\"elementor-widget-container\">\n\t\t\t\t\t<h2 class=\"elementor-heading-title elementor-size-default\">Celia in the Press<\/h2>\t\t\t\t<\/div>\n\t\t\t\t<\/div>\n\t\t\t\t<div class=\"elementor-element elementor-element-5071cc9 elementor-widget elementor-widget-spacer\" data-id=\"5071cc9\" data-element_type=\"widget\" data-e-type=\"widget\" data-widget_type=\"spacer.default\">\n\t\t\t\t<div class=\"elementor-widget-container\">\n\t\t\t\t\t\t\t<div class=\"elementor-spacer\">\n\t\t\t<div class=\"elementor-spacer-inner\"><\/div>\n\t\t<\/div>\n\t\t\t\t\t\t<\/div>\n\t\t\t\t<\/div>\n\t\t\t\t<div class=\"elementor-element elementor-element-693e15c elementor-widget elementor-widget-text-editor\" data-id=\"693e15c\" data-element_type=\"widget\" data-e-type=\"widget\" data-widget_type=\"text-editor.default\">\n\t\t\t\t<div class=\"elementor-widget-container\">\n\t\t\t\t\t\t\t\t\t<p><span style=\"color: #0377ee; font-size: medium;\"><b><span style=\"color: #000000;\">BRASILEIROS DE SUCCESSO NO EXTERIOR &#8211;\u00a0 January 31, 2015.<\/span> <\/b><\/span><span style=\"color: #000000;\">Carioca,\u00a0a cantora, compositora e multi-instrumentista C\u00e9lia Malheiros\u00a0foi\u00a0ainda\u00a0jovem para os Estados Unidos, onde vive h\u00e1 mais de 25 anos na Calif\u00f3rnia.<\/span> <a href=\"http:\/\/tvbrasil.ebc.com.br\/artedoartista\/episodio\/brasileiros-de-sucesso-no-exterior\" target=\"_blank\" rel=\"noopener\">http:\/\/tvbrasil.ebc.com.br\/artedoartista\/episodio\/brasileiros-de-sucesso-no-exterior<\/a><\/p><h4><span style=\"color: #000080;\"> Cen\u00e1rio Brasileiro &#8211; Reviews<\/span><\/h4><p><span style=\"color: #000000;\"><b>BRASIL DE FORA &#8211; JORNAL DO BRASIL &#8211; 2007<\/b> &#8211; <i>By <\/i><i>Tarik de Souza <br \/><\/i><b>Radicada nos EUA h\u00e1 27 anos, a cantora, multi-instrumentalista e compositora, dirigiu por 13 anos o carnaval de San Francisco, na California. <\/b>Ja abriu para Ray Charles, e fez o show da festa do mil\u00eanio para Francis Coppola. Esteve no Brasil para lan\u00e7ar seu disco mais recente, Cen\u00e1rio Brasileiro, editado nos EUA em 2006 com participa\u00e7\u00e3o de Jo\u00e3o Bosco. Celia comercializa Cen\u00e1rio Brasileiro e o anterior Sempre Crescendo (participa\u00e7\u00e3o de Hermeto Pascoal) no site www.celiamalheiros.com<\/span><\/p><p><b>JAZZREVIEW.COM &#8211; 2007<\/b> &#8211; <span style=\"color: #000000;\"><i>By <\/i><i>Dr. Ana Isabel Ordonez <br \/><\/i><\/span><span style=\"color: #382e77;\"><span style=\"color: #000000;\"><b>Brazilian-born singer, composer and producer Celia Malheiros delights us with an Amazonian patchwork<\/b> of rhythms, delivering a gem of an album comprising eleven tracks of beautiful Brazilian groove oriented releases on her own music label, Sempre Crescendo Music. Celia includes in her line up some great artists, including among them the notorious composer\/singer and guitarist Jo\u00e3o Bosco. Read more at<\/span> <a href=\"http:\/\/www.jazzreview.com\/cd\/review-18700.html\" target=\"_blank\" rel=\"noopener\">jazzreview.com<\/a>.<\/span><\/p><p><b>JEANSMAGAZINES.ORG &#8211; May 30, 2007<\/b> <span style=\"color: #000000;\">&#8211; <i>By <\/i><i>Jean Bartlett<br \/><\/i><\/span><span style=\"color: #382e77;\"><span style=\"color: #000000;\"><b>BAY AREA ARTISTS SING OUT (BAASO). Back from a recent trip to her native Brazil, musician\/composer Celia Malheiros asks: \u201cWhere Is My Country?\u201d <\/b>Musician\/composer Celia Malheiros was born in Rio de Janeiro. She lives now in Pacifica, California. Having recently returned from a three month trip to her native country, Malheiros returned thoughtful and angry. She asks: \u201cWhere is my country?\u201d Read more at<\/span> <a href=\"http:\/\/www.jeansmagazines.org\/JeansG\/Malheiros\/CeliaMalheiros.htm\" target=\"_blank\" rel=\"noopener\">jeansmagazines.org<\/a>.<\/span><\/p><p><b>MUSICA BRASILEIRA.ORG &#8211; 2006<\/b> &#8211; <span style=\"color: #000000;\"><i>By <\/i><i>Eg\u00eddio Leit\u00e3o<br \/><\/i><\/span><span style=\"color: #382e77;\"><span style=\"color: #000000;\"><b>Once again, Celia Malheiros shows a quality release with very good arrangements and performances. <\/b>So, needless to say that when I heard about Celia&#8217;s latest release, <b>Cen\u00e1rio Brasileiro<\/b>, I was very curious and eager to listen to it. Little did I know how much she has grown as a performer, composer and singer. Read more at<\/span> <a href=\"http:\/\/musicabrasileira.org\/celiamalheiros\/cmcenario.html\" target=\"_blank\" rel=\"noopener\">musicabrasileira.org<\/a>.<\/span><\/p><h4><span style=\"color: #000080;\">Sempre Crescendo &#8211; Reviews<\/span><\/h4><p><span style=\"color: #000000;\"><b>THE ARTS &#8211; SAN FRANCISCO CHRONICLE &#8211; March 26, 2004<br \/><\/b><span style=\"font-family: verdana;\"><b>Bit of Brazil comes to Pacifica, Redwood City<\/b><\/span><b> &#8211; <\/b><i>By Jeff Kaliss<br \/><\/i><\/span><span style=\"color: #382e77;\"><span style=\"color: #000000;\"><b>For Rio native Celia Malheiros, music is no one-note samba but a deep-rooted family affair<\/b><\/span><br \/><span style=\"color: #000000;\">When Celia Malheiros drives south along Highway 1 to her Pacifica home, the ocean reminds her of the comfortable beachfront neighborhood of Barra da Tijuca in her native Rio de Janeiro. &#8220;When you&#8217;re homesick,&#8221; the singer\/songwriter says, &#8220;you have to do that.&#8221; <\/span><a href=\"https:\/\/www.celiamalheiros.com\/pt\/MyBlog\/sf-chronicle-2004\/\">READ MORE<\/a><\/span><\/p><p><span style=\"color: #000000;\"><b>BLAME IT ON RIO &#8211; SAN FRANCISCO EXAMINER &#8211; February 13, 2003<br \/><\/b><b>Oppression at home fueled Malheiros &#8211; <\/b><i>By Andrew Gilbert<br \/><\/i><\/span><span style=\"color: #382e77;\"><span style=\"color: #000000;\">Marked by both breathtaking improvisation and sumptuously produced arrangements, the album was recorded over six months in Rio, and features a cast of more than 50 musicians, including the legendary Brazilian composer and multi-intrumentalist Hermeto Pascoal. <\/span><a href=\"https:\/\/www.celiamalheiros.com\/pt\/MyBlog\/sf-examiner-2003\/\">READ MORE<\/a><\/span><\/p><p><b>SEMPRE CRESCENDO &#8211; ALL ABOUT JAZZ &#8211; 2002<\/b><b><span style=\"color: #382e77;\"> &#8211; <\/span><\/b><span style=\"color: #000000;\"><i>By Jerry D&#8217;Souza<br \/><\/i><\/span><span style=\"color: #382e77;\"><span style=\"color: #000000;\">The words Sempre Crescendo mean Ever Growing and they seem apt for Celia Malheiros. The Brazilian singer has been active in the Bay Area and her first album should help strengthen her credentials as a singer and composer. Read more at<\/span> <a href=\"http:\/\/www.allaboutjazz.com\/php\/article.php?id=10289\" target=\"_blank\" rel=\"noopener\">allaboutjazz.com.<\/a><\/span><\/p><p><b>SEMPRE CRESCENDO &#8211; LATIN BEAT &#8211; April, 2002<\/b><br \/>The musical portrait Celia Malheiros paints of herself on this debut album is a multi-colored collage of earthy beats and contemporary splashes of Brazilian jazz. <a href=\"https:\/\/www.celiamalheiros.com\/MyBlog\/wp-content\/uploads\/2020\/07\/latinbeat.jpg\" target=\"_blank\" rel=\"noopener\">READ MORE<\/a><\/p><p><b>Daniella Thompson on Brazil &#8211; THE MAGAZINE OF BRAZILIAN MUSIC &amp; CULTURE &#8211; May 9, 2002<br \/>Celia Malheiros evokes the spirits of tradition in a thoroughly modern creation<\/b> &#8211; <i>By Daniella Thompson<\/i><br \/><span style=\"color: #382e77;\"><span style=\"color: #000000;\">Multi-instrumentalist, composer, and singer, Celia Malheiros, has been calling the San Francisco Bay Area home for twenty years. Nonetheless, her spiritual home continues to be Brazil, whose rhythms and nuances fill her debut disc, Sempre Crescendo.<\/span> <a href=\"https:\/\/www.celiamalheiros.com\/pt\/MyBlog\/daniella-thompson-2002\/\">READ MORE<\/a><\/span><\/p><p><b>MUSICA BRASILEIRA.ORG 2001<\/b> &#8211;<span style=\"color: #000000;\"> <i>By <\/i><i>Eg\u00eddio Leit\u00e3o<br \/><\/i><\/span><span style=\"color: #382e77;\"><span style=\"color: #000000;\"><b>Sempre Crescendo never ceases to surprise listeners at each note and track.<\/b> Celia Malheiros&#8217; music is both soothing and vivacious, and above all, eclectic and creative. Read more at<\/span> <a href=\"http:\/\/musicabrasileira.org\/reviewsinterviews\/celiasempre.html\" target=\"_blank\" rel=\"noopener\">musicabrasileira.org<\/a>.<br \/><\/span><br \/><span style=\"color: #000000;\"><b>HANDS ON \u2013 MODERN DRUMMER MAGAZINE \u2013 April 2004 \u2013 <\/b><i>By Robin Tolleson<\/i><br \/>Celia Malheiros\u2019 Sempre Crescendo is sensual Brazilian Music that moves the percussion from a supportive role right up to the front as the heartbeat. The San Francisco-based Malheiros displays her considerable composing and instrumental talents alongside some of Rio\u2019s best musicians, including drummers Wison das Neves, Marcio Bahia, percussionists Marcos Suzano and Celsinho Silva, and the revered keyboardist Hermeto Pascoal.<\/span><\/p><p><b>BRAZIL BEAT \u2013 THE BEAT MAGAZINE<i> \u2013 <\/i>VOL 21 # 2, 2002<\/b> \u2013 <i>By Mara Weiss and Nego Beto<\/i><br \/>After many years in the scene, San Francisco based singer and multi-instrumentalist Celia Malheiros releases her debut CD, a complex palette of jazz textures, MPB harmonies and Afro-Brazilian rhythms. Shades of Hermeto Pascoal dominate many songs on Sempre Crescendo (independent), and the mestre did compose one song for the album \u2013 on spot, in the studio with Malheiros. The whole thing was recorded down in Rio with top musicians, producing a polished sound with many unexpected twists and turns. Celia is a familiar face around northern California Brazilian and Jazz events and was the director of SF Carnaval Ball for many years; her multimedia project \u201cAmazons\u201d was very well received a few years back.<br \/><a href=\"https:\/\/www.celiamalheiros.com\/pt\/thompson2002.html\/\"><br \/><\/a><b>LONGE E PERTO \u2013 O GLOBO \u2013 3 de Setembro de 2002<\/b><br \/>H\u00e1 20 anos nos EUA, a cantora e compositora Celia Malheiros mostra em \u201cSempre Crescendo\u201d (independente) que continua ligada aos sons do Brasil. Hermeto Pascoal da seu aval em \u201cSempre Crescendo com o Mestre\u201d e \u201cFremeto.\u201d (A.C.M.)<\/p><p><b>AFINADA \u2013 JORNAL DO BRAZIL \u2013 29 de agosto de 2002<\/b><br \/><b>Curiosidade \u00e9 a palavra que acompanha Celia Malheiros <\/b>&#8211; <i>Heloisa Tolipan<\/i><br \/>H\u00e1 20 anos ela arrumou as malas e partiu para os EUA com uma meta:estudar m\u00fasica<br \/>Duas decadas depois, a cantora, que foi engenheira de som na produtora de Francis Ford<br \/>Copolla, aporta novamente em solo carioca para apresentar o primeiro CD da carreira,<br \/>Sempre Crescendo. Lan\u00e7ado em Mar\u00e7o,o album est\u00e1 na lista dos mais vendidos da categoria World Music da Tower Records. Celia sobe hoje ao palco do Mistura Fina.<\/p><p><b>SEMPRE CRESCENDO &#8211; JORNAL DO BRAZIL &#8211; 10 de Setembro de 2002<\/b><br \/>H\u00e1 20 anos nos EUA, a cantora, violonista e compositora Celia Malheiros esbanja musicalidade e raiz brasileira nesse Sempre Crescendo. Com alguns dos melhores musicos da MPB \u2013 Wilson das Neves, Jorge Helder, Marcos Suzano \u2013 e as Ben\u00e7\u00e3os de Hermeto Pascoal que toca piano em Sempre Crescendo com o Mestre, Celia enverga sambas de sabor africano, bossas, frevos (Fremeto) com bastante per\u00edcia e muito requinte instrumental. (S.E)<\/p><p><b>Celia Malheiros faz show no Rio ap\u00f3s 22 anos de EUA \u2013 BIS \u2013 29 de Agosto de 2002<\/b><br \/>Mesmo morando h\u00e1 22 anos nos Estados Unidos, a cantora, compositora e multi-instrumentista Celia Malheiros nunca se desligou da m\u00fasica brasileira.<br \/>\u201cDesde que fui para l\u00e1, minha inten\u00e7\u00e3o era a de aprimorar algumas t\u00e9cnicas e dar continuidade ao meu trabalho de composi\u00e7\u00e3o\u201d, explica. <a href=\"https:\/\/www.celiamalheiros.com\/pt\/MyBlog\/bis-2002\/\">READ MORE<\/a><\/p><p><span style=\"color: #382e77;\"><br \/><\/span><span style=\"color: #0377ee;\"><b>Article written by Celia Malheiros<\/b><\/span><\/p><p><b>BOM DIA BRAZIL<\/b><br \/><b>Feel for yourself the experience Bom Dia Brazil<br \/>written by Celia Malheiros<br \/>Brazilian composer, singer, multi-instrumentalist<\/b><br \/>Read more at <a href=\"http:\/\/www.discoverysound.com\/en\/DFSD510\/\" target=\"_blank\" rel=\"noopener\">discoverysound.com.<\/a><\/p>\t\t\t\t\t\t\t\t<\/div>\n\t\t\t\t<\/div>\n\t\t\t\t\t<\/div>\n\t\t<\/div>\n\t\t\t\t\t<\/div>\n\t\t<\/section>\n\t\t\t\t\t<\/div>\n\t\t<\/div>\n\t\t\t\t\t<\/div>\n\t\t<\/section>\n\t\t\t\t<\/div>","protected":false},"excerpt":{"rendered":"<p>Celia in the Press BRASILEIROS DE SUCCESSO NO EXTERIOR &#8211;\u00a0 January 31, 2015. Carioca,\u00a0a cantora, compositora e multi-instrumentista C\u00e9lia Malheiros\u00a0foi\u00a0ainda\u00a0jovem para os Estados Unidos, onde vive h\u00e1 mais de 25 anos na Calif\u00f3rnia. http:\/\/tvbrasil.ebc.com.br\/artedoartista\/episodio\/brasileiros-de-sucesso-no-exterior Cen\u00e1rio Brasileiro &#8211; Reviews BRASIL DE FORA &#8211; JORNAL DO BRASIL &#8211; 2007 &#8211; By Tarik de Souza Radicada nos EUA [&hellip;]<\/p>\n","protected":false},"author":1,"featured_media":0,"parent":0,"menu_order":0,"comment_status":"closed","ping_status":"closed","template":"","meta":{"site-sidebar-layout":"no-sidebar","site-content-layout":"page-builder","ast-site-content-layout":"default","site-content-style":"default","site-sidebar-style":"default","ast-global-header-display":"","ast-banner-title-visibility":"","ast-main-header-display":"","ast-hfb-above-header-display":"","ast-hfb-below-header-display":"","ast-hfb-mobile-header-display":"","site-post-title":"disabled","ast-breadcrumbs-content":"","ast-featured-img":"disabled","footer-sml-layout":"","ast-disable-related-posts":"","theme-transparent-header-meta":"default","adv-header-id-meta":"","stick-header-meta":"","header-above-stick-meta":"","header-main-stick-meta":"","header-below-stick-meta":"","astra-migrate-meta-layouts":"default","ast-page-background-enabled":"default","ast-page-background-meta":{"desktop":{"background-color":"","background-image":"","background-repeat":"repeat","background-position":"center center","background-size":"auto","background-attachment":"scroll","background-type":"","background-media":"","overlay-type":"","overlay-color":"","overlay-opacity":"","overlay-gradient":""},"tablet":{"background-color":"","background-image":"","background-repeat":"repeat","background-position":"center center","background-size":"auto","background-attachment":"scroll","background-type":"","background-media":"","overlay-type":"","overlay-color":"","overlay-opacity":"","overlay-gradient":""},"mobile":{"background-color":"","background-image":"","background-repeat":"repeat","background-position":"center center","background-size":"auto","background-attachment":"scroll","background-type":"","background-media":"","overlay-type":"","overlay-color":"","overlay-opacity":"","overlay-gradient":""}},"ast-content-background-meta":{"desktop":{"background-color":"var(--ast-global-color-5)","background-image":"","background-repeat":"repeat","background-position":"center center","background-size":"auto","background-attachment":"scroll","background-type":"","background-media":"","overlay-type":"","overlay-color":"","overlay-opacity":"","overlay-gradient":""},"tablet":{"background-color":"var(--ast-global-color-5)","background-image":"","background-repeat":"repeat","background-position":"center center","background-size":"auto","background-attachment":"scroll","background-type":"","background-media":"","overlay-type":"","overlay-color":"","overlay-opacity":"","overlay-gradient":""},"mobile":{"background-color":"var(--ast-global-color-5)","background-image":"","background-repeat":"repeat","background-position":"center center","background-size":"auto","background-attachment":"scroll","background-type":"","background-media":"","overlay-type":"","overlay-color":"","overlay-opacity":"","overlay-gradient":""}},"footnotes":""},"class_list":["post-841","page","type-page","status-publish","hentry"],"jetpack_sharing_enabled":true,"_links":{"self":[{"href":"https:\/\/www.celiamalheiros.com\/pt\/wp-json\/wp\/v2\/pages\/841","targetHints":{"allow":["GET"]}}],"collection":[{"href":"https:\/\/www.celiamalheiros.com\/pt\/wp-json\/wp\/v2\/pages"}],"about":[{"href":"https:\/\/www.celiamalheiros.com\/pt\/wp-json\/wp\/v2\/types\/page"}],"author":[{"embeddable":true,"href":"https:\/\/www.celiamalheiros.com\/pt\/wp-json\/wp\/v2\/users\/1"}],"replies":[{"embeddable":true,"href":"https:\/\/www.celiamalheiros.com\/pt\/wp-json\/wp\/v2\/comments?post=841"}],"version-history":[{"count":5,"href":"https:\/\/www.celiamalheiros.com\/pt\/wp-json\/wp\/v2\/pages\/841\/revisions"}],"predecessor-version":[{"id":1077,"href":"https:\/\/www.celiamalheiros.com\/pt\/wp-json\/wp\/v2\/pages\/841\/revisions\/1077"}],"wp:attachment":[{"href":"https:\/\/www.celiamalheiros.com\/pt\/wp-json\/wp\/v2\/media?parent=841"}],"curies":[{"name":"wp","href":"https:\/\/api.w.org\/{rel}","templated":true}]}}