{"id":12,"date":"2017-12-13T08:37:50","date_gmt":"2017-12-13T08:37:50","guid":{"rendered":"https:\/\/music.celiamalheiros.com\/?page_id=12"},"modified":"2020-11-03T15:52:13","modified_gmt":"2020-11-03T15:52:13","slug":"about","status":"publish","type":"page","link":"https:\/\/www.celiamalheiros.com\/pt\/about\/","title":{"rendered":"About Me"},"content":{"rendered":"<div data-elementor-type=\"wp-post\" data-elementor-id=\"12\" class=\"elementor elementor-12\">\n\t\t\t\t\t\t<section class=\"elementor-section elementor-top-section elementor-element elementor-element-8968d07 elementor-section-boxed elementor-section-height-default elementor-section-height-default\" data-id=\"8968d07\" data-element_type=\"section\" data-e-type=\"section\" data-settings=\"{&quot;background_background&quot;:&quot;classic&quot;}\">\n\t\t\t\t\t\t\t<div class=\"elementor-background-overlay\"><\/div>\n\t\t\t\t\t\t\t<div class=\"elementor-container elementor-column-gap-default\">\n\t\t\t\t\t<div class=\"elementor-column elementor-col-100 elementor-top-column elementor-element elementor-element-7b91dd0\" data-id=\"7b91dd0\" data-element_type=\"column\" data-e-type=\"column\" data-settings=\"{&quot;background_background&quot;:&quot;classic&quot;}\">\n\t\t\t<div class=\"elementor-widget-wrap elementor-element-populated\">\n\t\t\t\t\t<div class=\"elementor-background-overlay\"><\/div>\n\t\t\t\t\t\t<div class=\"elementor-element elementor-element-5b6651e elementor-widget elementor-widget-spacer\" data-id=\"5b6651e\" data-element_type=\"widget\" data-e-type=\"widget\" data-widget_type=\"spacer.default\">\n\t\t\t\t<div class=\"elementor-widget-container\">\n\t\t\t\t\t\t\t<div class=\"elementor-spacer\">\n\t\t\t<div class=\"elementor-spacer-inner\"><\/div>\n\t\t<\/div>\n\t\t\t\t\t\t<\/div>\n\t\t\t\t<\/div>\n\t\t\t\t<section class=\"elementor-section elementor-inner-section elementor-element elementor-element-d41710a elementor-section-boxed elementor-section-height-default elementor-section-height-default elementor-invisible\" data-id=\"d41710a\" data-element_type=\"section\" data-e-type=\"section\" data-settings=\"{&quot;animation&quot;:&quot;fadeInLeft&quot;}\">\n\t\t\t\t\t\t\t<div class=\"elementor-background-overlay\"><\/div>\n\t\t\t\t\t\t\t<div class=\"elementor-container elementor-column-gap-default\">\n\t\t\t\t\t<div class=\"elementor-column elementor-col-100 elementor-inner-column elementor-element elementor-element-ee6a32a\" data-id=\"ee6a32a\" data-element_type=\"column\" data-e-type=\"column\">\n\t\t\t<div class=\"elementor-widget-wrap elementor-element-populated\">\n\t\t\t\t\t\t<div class=\"elementor-element elementor-element-c67c05a elementor-widget elementor-widget-heading\" data-id=\"c67c05a\" data-element_type=\"widget\" data-e-type=\"widget\" data-settings=\"{&quot;_animation&quot;:&quot;none&quot;}\" data-widget_type=\"heading.default\">\n\t\t\t\t<div class=\"elementor-widget-container\">\n\t\t\t\t\t<h1 class=\"elementor-heading-title elementor-size-default\">About Celia<\/h1>\t\t\t\t<\/div>\n\t\t\t\t<\/div>\n\t\t\t\t<div class=\"elementor-element elementor-element-8fcb560 elementor-widget elementor-widget-text-editor\" data-id=\"8fcb560\" data-element_type=\"widget\" data-e-type=\"widget\" data-widget_type=\"text-editor.default\">\n\t\t\t\t<div class=\"elementor-widget-container\">\n\t\t\t\t\t\t\t\t\t<p>Nascida e criada no Rio de Janeiro, desde a inf\u00e2ncia Celia estava imersa no mundo do Candombl\u00e9 (religi\u00e3o afro-brasileira), nas escolas de samba, bossa nova, choro, bai\u0101o, frevo e m\u00fasica ind\u00edgena, al\u00e9m de movimentos como a Tropicalia e revolucion\u00e1rios pol\u00edticos. Aos 18 anos, Celia estava se sustentando completamente atrav\u00e9s da m\u00fasica: compondo, tocando em festivais, produ\u00e7\u00f5es teatrais, boates, programas de r\u00e1dio e TV, fazendo trilhas sonora de filmes, ensinando m\u00fasica e liderando bandas tocando musica autoral.<\/p><p>After moving to the States, she began to perform and compete in San Francisco&#8217;s popular street carnaval, and garnered many music awards. For thirteen years, she was the musical director, arranger, and performer of the Brazilian All Star Big Band at San Francisco&#8217;s annual Carnaval Ball, featuring such performers as Elza Soares, Emilinha Borba, and Walter Wanderley. With her own band she has performed throughout the U.S. at venues which include the Monterey and San Francisco Jazz Festivals where she opened for Santana, Tony Bennett, the Modern Jazz Quartet and the late Ray Charles.<\/p><p>Celia fez turn\u00eas pela Europa, Estados Unidos, Am\u00e9rica do Sul e \u00c1sia como artista solo e tamb\u00e9m com a banda, tRIO. Foi contratada para escrever pe\u00e7as musicais para: Wheaton College Choir e Akat Dance Company. Celia da palestras, cl\u00ednicas e cursos em todo o mundo. Participou como compositora residente no OMI International Music Program em Nova York e duas vezes como artista residente no Wheaton College, em Massachusetts.<\/p><p>Por muitas d\u00e9cadas, Celia tem se dedicado a conscientizar o mundo sobre a situa\u00e7\u00e3o dos povos ind\u00edgenas da Amaz\u00f4nia, fazendo shows multi-m\u00eddia, composi\u00e7\u00f5es e participando de expedi\u00e7\u00f5es amaz\u00f4nicas. Seu \u00faltimo CD \u00e9 Amazoom. Trabalho inspirado nas lendas sagradas dos povos ind\u00edgenas da Amaz\u00f4nia. Seu trabalho recente inclui duas pe\u00e7as sinfonicas originais e composi\u00e7\u00f5es de guitarra solo.<\/p><p>Seus CDs s\u0101o: Sempre Crescendo, com Hermeto Pascoal e Cenario Brasileiro, com Jo\u0101o Bosco. Ambos os discos foram compostos e produzidos por Celia no Brasil em seu selo Sempre Crescendo Music. Para cada disco, Celia trouxe mais de 50 m\u00fasicos. <em>Sempre Crescendo<\/em>, featuring Hermeto Pascoal and <em>Cenario Brasileiro, <\/em>featuring Jo\u00e3o Bosco. Both records, were composed and produced by Celia in Brazil on her label Sempre Crescendo Music. For each record, Celia brought in over 50 musicians.<\/p><p>O CD de estreia do tRIO, uma colabora\u00e7\u00e3o de tr\u00eas compositores\/m\u00fasicos, \u00e9 intitulado After the Carnaval. Ele apresenta Thomas Clausen; piano, Carlos Malta; sopros e Celia; voz, viol\u00e3o e percuss\u00e3o. O CD foi produzido por Celia para o selo dinamarqu\u00eas Stunt, Sun Dance Music. <em>After the Carnaval<\/em>. It features Thomas Clausen; piano, Carlos Malta; woodwinds and Celia; voice, guitar and percussion. The CD was produced by Celia for the Danish label Stunt, Sun Dance Music.<\/p><p>Celia participa em grava\u00e7\u00f5es de outros artistas.<\/p><p>Atualmente ela est\u00e1 escrevendo sua auto-biografia.<\/p>\t\t\t\t\t\t\t\t<\/div>\n\t\t\t\t<\/div>\n\t\t\t\t\t<\/div>\n\t\t<\/div>\n\t\t\t\t\t<\/div>\n\t\t<\/section>\n\t\t\t\t\t<\/div>\n\t\t<\/div>\n\t\t\t\t\t<\/div>\n\t\t<\/section>\n\t\t\t\t<section class=\"elementor-section elementor-top-section elementor-element elementor-element-6f15046 elementor-section-content-middle elementor-section-boxed elementor-section-height-default elementor-section-height-default\" data-id=\"6f15046\" data-element_type=\"section\" data-e-type=\"section\" data-settings=\"{&quot;background_background&quot;:&quot;gradient&quot;}\">\n\t\t\t\t\t\t<div class=\"elementor-container elementor-column-gap-default\">\n\t\t\t\t\t<div class=\"elementor-column elementor-col-100 elementor-top-column elementor-element elementor-element-1d48636\" data-id=\"1d48636\" data-element_type=\"column\" data-e-type=\"column\">\n\t\t\t<div class=\"elementor-widget-wrap elementor-element-populated\">\n\t\t\t\t\t\t<section class=\"elementor-section elementor-inner-section elementor-element elementor-element-35ba12c elementor-section-content-top elementor-section-boxed elementor-section-height-default elementor-section-height-default\" data-id=\"35ba12c\" data-element_type=\"section\" data-e-type=\"section\">\n\t\t\t\t\t\t<div class=\"elementor-container elementor-column-gap-default\">\n\t\t\t\t\t<div class=\"elementor-column elementor-col-33 elementor-inner-column elementor-element elementor-element-796fc76\" data-id=\"796fc76\" data-element_type=\"column\" data-e-type=\"column\">\n\t\t\t<div class=\"elementor-widget-wrap\">\n\t\t\t\t\t\t\t<\/div>\n\t\t<\/div>\n\t\t\t\t<div class=\"elementor-column elementor-col-33 elementor-inner-column elementor-element elementor-element-eb04dee\" data-id=\"eb04dee\" data-element_type=\"column\" data-e-type=\"column\">\n\t\t\t<div class=\"elementor-widget-wrap elementor-element-populated\">\n\t\t\t\t\t\t<div class=\"elementor-element elementor-element-1a7ee57 elementor-invisible elementor-widget elementor-widget-heading\" data-id=\"1a7ee57\" data-element_type=\"widget\" data-e-type=\"widget\" data-settings=\"{&quot;_animation&quot;:&quot;fadeInUp&quot;}\" data-widget_type=\"heading.default\">\n\t\t\t\t<div class=\"elementor-widget-container\">\n\t\t\t\t\t<h2 class=\"elementor-heading-title elementor-size-default\">Albums<\/h2>\t\t\t\t<\/div>\n\t\t\t\t<\/div>\n\t\t\t\t\t<\/div>\n\t\t<\/div>\n\t\t\t\t<div class=\"elementor-column elementor-col-33 elementor-inner-column elementor-element elementor-element-bf6d41a\" data-id=\"bf6d41a\" data-element_type=\"column\" data-e-type=\"column\">\n\t\t\t<div class=\"elementor-widget-wrap\">\n\t\t\t\t\t\t\t<\/div>\n\t\t<\/div>\n\t\t\t\t\t<\/div>\n\t\t<\/section>\n\t\t\t\t<section class=\"elementor-section elementor-inner-section elementor-element elementor-element-ba2df14 elementor-section-boxed elementor-section-height-default elementor-section-height-default\" data-id=\"ba2df14\" data-element_type=\"section\" data-e-type=\"section\">\n\t\t\t\t\t\t<div class=\"elementor-container elementor-column-gap-default\">\n\t\t\t\t\t<div class=\"elementor-column elementor-col-33 elementor-inner-column elementor-element elementor-element-f46b0ca\" data-id=\"f46b0ca\" data-element_type=\"column\" data-e-type=\"column\">\n\t\t\t<div class=\"elementor-widget-wrap elementor-element-populated\">\n\t\t\t\t\t\t<div class=\"elementor-element elementor-element-370a199 elementor-widget elementor-widget-image\" data-id=\"370a199\" data-element_type=\"widget\" data-e-type=\"widget\" data-widget_type=\"image.default\">\n\t\t\t\t<div class=\"elementor-widget-container\">\n\t\t\t\t\t\t\t\t\t\t\t\t\t\t\t\t<a href=\"https:\/\/www.celiamalheiros.com\/pt\/MyBlog\/music\/#cb\">\n\t\t\t\t\t\t\t<img decoding=\"async\" src=\"https:\/\/i0.wp.com\/www.celiamalheiros.com\/wp-content\/uploads\/2020\/07\/image00001.jpeg?w=768&amp;ssl=1\" class=\"elementor-animation-shrink attachment-medium_large size-medium_large wp-image-737\" alt=\"\" \/>\t\t\t\t\t\t\t\t<\/a>\n\t\t\t\t\t\t\t\t\t\t\t\t\t\t\t<\/div>\n\t\t\t\t<\/div>\n\t\t\t\t\t<\/div>\n\t\t<\/div>\n\t\t\t\t<div class=\"elementor-column elementor-col-33 elementor-inner-column elementor-element elementor-element-5b52e63\" data-id=\"5b52e63\" data-element_type=\"column\" data-e-type=\"column\">\n\t\t\t<div class=\"elementor-widget-wrap elementor-element-populated\">\n\t\t\t\t\t\t<div class=\"elementor-element elementor-element-dff56a0 elementor-widget elementor-widget-image\" data-id=\"dff56a0\" data-element_type=\"widget\" data-e-type=\"widget\" data-widget_type=\"image.default\">\n\t\t\t\t<div class=\"elementor-widget-container\">\n\t\t\t\t\t\t\t\t\t\t\t\t\t\t\t\t<a href=\"https:\/\/www.celiamalheiros.com\/pt\/MyBlog\/music\/#atc\">\n\t\t\t\t\t\t\t<img fetchpriority=\"high\" decoding=\"async\" width=\"768\" height=\"682\" src=\"https:\/\/i0.wp.com\/www.celiamalheiros.com\/wp-content\/uploads\/2020\/07\/IMG_1779-1-scaled.jpg?fit=768%2C682&amp;ssl=1\" class=\"elementor-animation-shrink attachment-medium_large size-medium_large wp-image-734\" alt=\"\" srcset=\"https:\/\/i0.wp.com\/www.celiamalheiros.com\/wp-content\/uploads\/2020\/07\/IMG_1779-1-scaled.jpg?w=2560&amp;ssl=1 2560w, https:\/\/i0.wp.com\/www.celiamalheiros.com\/wp-content\/uploads\/2020\/07\/IMG_1779-1-scaled.jpg?resize=300%2C267&amp;ssl=1 300w, https:\/\/i0.wp.com\/www.celiamalheiros.com\/wp-content\/uploads\/2020\/07\/IMG_1779-1-scaled.jpg?resize=1024%2C910&amp;ssl=1 1024w, https:\/\/i0.wp.com\/www.celiamalheiros.com\/wp-content\/uploads\/2020\/07\/IMG_1779-1-scaled.jpg?resize=768%2C682&amp;ssl=1 768w, https:\/\/i0.wp.com\/www.celiamalheiros.com\/wp-content\/uploads\/2020\/07\/IMG_1779-1-scaled.jpg?w=2400&amp;ssl=1 2400w\" sizes=\"(max-width: 768px) 100vw, 768px\" \/>\t\t\t\t\t\t\t\t<\/a>\n\t\t\t\t\t\t\t\t\t\t\t\t\t\t\t<\/div>\n\t\t\t\t<\/div>\n\t\t\t\t\t<\/div>\n\t\t<\/div>\n\t\t\t\t<div class=\"elementor-column elementor-col-33 elementor-inner-column elementor-element elementor-element-cd5e5d1\" data-id=\"cd5e5d1\" data-element_type=\"column\" data-e-type=\"column\">\n\t\t\t<div class=\"elementor-widget-wrap elementor-element-populated\">\n\t\t\t\t\t\t<div class=\"elementor-element elementor-element-12edbd8 elementor-widget elementor-widget-image\" data-id=\"12edbd8\" data-element_type=\"widget\" data-e-type=\"widget\" data-widget_type=\"image.default\">\n\t\t\t\t<div class=\"elementor-widget-container\">\n\t\t\t\t\t\t\t\t\t\t\t\t\t\t\t\t<a href=\"https:\/\/www.celiamalheiros.com\/pt\/MyBlog\/music\/#sc\">\n\t\t\t\t\t\t\t<img decoding=\"async\" width=\"768\" height=\"768\" src=\"https:\/\/i0.wp.com\/www.celiamalheiros.com\/wp-content\/uploads\/2020\/07\/image00002-scaled.jpg?fit=768%2C768&amp;ssl=1\" class=\"elementor-animation-shrink attachment-medium_large size-medium_large wp-image-738\" alt=\"\" srcset=\"https:\/\/i0.wp.com\/www.celiamalheiros.com\/wp-content\/uploads\/2020\/07\/image00002-scaled.jpg?w=2560&amp;ssl=1 2560w, https:\/\/i0.wp.com\/www.celiamalheiros.com\/wp-content\/uploads\/2020\/07\/image00002-scaled.jpg?resize=300%2C300&amp;ssl=1 300w, https:\/\/i0.wp.com\/www.celiamalheiros.com\/wp-content\/uploads\/2020\/07\/image00002-scaled.jpg?resize=1024%2C1024&amp;ssl=1 1024w, https:\/\/i0.wp.com\/www.celiamalheiros.com\/wp-content\/uploads\/2020\/07\/image00002-scaled.jpg?resize=150%2C150&amp;ssl=1 150w, https:\/\/i0.wp.com\/www.celiamalheiros.com\/wp-content\/uploads\/2020\/07\/image00002-scaled.jpg?resize=768%2C768&amp;ssl=1 768w, https:\/\/i0.wp.com\/www.celiamalheiros.com\/wp-content\/uploads\/2020\/07\/image00002-scaled.jpg?resize=1536%2C1536&amp;ssl=1 1536w, https:\/\/i0.wp.com\/www.celiamalheiros.com\/wp-content\/uploads\/2020\/07\/image00002-scaled.jpg?resize=2048%2C2048&amp;ssl=1 2048w, https:\/\/i0.wp.com\/www.celiamalheiros.com\/wp-content\/uploads\/2020\/07\/image00002-scaled.jpg?w=2400&amp;ssl=1 2400w\" sizes=\"(max-width: 768px) 100vw, 768px\" \/>\t\t\t\t\t\t\t\t<\/a>\n\t\t\t\t\t\t\t\t\t\t\t\t\t\t\t<\/div>\n\t\t\t\t<\/div>\n\t\t\t\t\t<\/div>\n\t\t<\/div>\n\t\t\t\t\t<\/div>\n\t\t<\/section>\n\t\t\t\t<div class=\"elementor-element elementor-element-1497321 elementor-widget elementor-widget-spacer\" data-id=\"1497321\" data-element_type=\"widget\" data-e-type=\"widget\" data-widget_type=\"spacer.default\">\n\t\t\t\t<div class=\"elementor-widget-container\">\n\t\t\t\t\t\t\t<div class=\"elementor-spacer\">\n\t\t\t<div class=\"elementor-spacer-inner\"><\/div>\n\t\t<\/div>\n\t\t\t\t\t\t<\/div>\n\t\t\t\t<\/div>\n\t\t\t\t<section class=\"elementor-section elementor-inner-section elementor-element elementor-element-bd70a28 elementor-section-content-top elementor-section-boxed elementor-section-height-default elementor-section-height-default\" data-id=\"bd70a28\" data-element_type=\"section\" data-e-type=\"section\">\n\t\t\t\t\t\t<div class=\"elementor-container elementor-column-gap-default\">\n\t\t\t\t\t<div class=\"elementor-column elementor-col-33 elementor-inner-column elementor-element elementor-element-bf5d868\" data-id=\"bf5d868\" data-element_type=\"column\" data-e-type=\"column\">\n\t\t\t<div class=\"elementor-widget-wrap\">\n\t\t\t\t\t\t\t<\/div>\n\t\t<\/div>\n\t\t\t\t<div class=\"elementor-column elementor-col-33 elementor-inner-column elementor-element elementor-element-5852a61\" data-id=\"5852a61\" data-element_type=\"column\" data-e-type=\"column\">\n\t\t\t<div class=\"elementor-widget-wrap elementor-element-populated\">\n\t\t\t\t\t\t<div class=\"elementor-element elementor-element-7b26b84 elementor-invisible elementor-widget elementor-widget-heading\" data-id=\"7b26b84\" data-element_type=\"widget\" data-e-type=\"widget\" data-settings=\"{&quot;_animation&quot;:&quot;fadeInUp&quot;}\" data-widget_type=\"heading.default\">\n\t\t\t\t<div class=\"elementor-widget-container\">\n\t\t\t\t\t<h2 class=\"elementor-heading-title elementor-size-default\">Livro de Viol\u00e3o Brasileiro<\/h2>\t\t\t\t<\/div>\n\t\t\t\t<\/div>\n\t\t\t\t\t<\/div>\n\t\t<\/div>\n\t\t\t\t<div class=\"elementor-column elementor-col-33 elementor-inner-column elementor-element elementor-element-23e268c\" data-id=\"23e268c\" data-element_type=\"column\" data-e-type=\"column\">\n\t\t\t<div class=\"elementor-widget-wrap\">\n\t\t\t\t\t\t\t<\/div>\n\t\t<\/div>\n\t\t\t\t\t<\/div>\n\t\t<\/section>\n\t\t\t\t<section class=\"elementor-section elementor-inner-section elementor-element elementor-element-16fb2fe elementor-section-boxed elementor-section-height-default elementor-section-height-default\" data-id=\"16fb2fe\" data-element_type=\"section\" data-e-type=\"section\">\n\t\t\t\t\t\t<div class=\"elementor-container elementor-column-gap-default\">\n\t\t\t\t\t<div class=\"elementor-column elementor-col-33 elementor-inner-column elementor-element elementor-element-53d694d\" data-id=\"53d694d\" data-element_type=\"column\" data-e-type=\"column\">\n\t\t\t<div class=\"elementor-widget-wrap\">\n\t\t\t\t\t\t\t<\/div>\n\t\t<\/div>\n\t\t\t\t<div class=\"elementor-column elementor-col-33 elementor-inner-column elementor-element elementor-element-2c1408a\" data-id=\"2c1408a\" data-element_type=\"column\" data-e-type=\"column\">\n\t\t\t<div class=\"elementor-widget-wrap elementor-element-populated\">\n\t\t\t\t\t\t<div class=\"elementor-element elementor-element-a322706 elementor-widget elementor-widget-image\" data-id=\"a322706\" data-element_type=\"widget\" data-e-type=\"widget\" data-widget_type=\"image.default\">\n\t\t\t\t<div class=\"elementor-widget-container\">\n\t\t\t\t\t\t\t\t\t\t\t\t\t\t\t\t<a href=\"https:\/\/www.celiamalheiros.com\/pt\/MyBlog\/music\/#book\">\n\t\t\t\t\t\t\t<img decoding=\"async\" src=\"https:\/\/i0.wp.com\/www.celiamalheiros.com\/wp-content\/uploads\/2020\/07\/57770-Guitar-Book-Final_Hi2-dragged.jpg?w=768&amp;ssl=1\" class=\"elementor-animation-shrink attachment-medium_large size-medium_large wp-image-829\" alt=\"\" \/>\t\t\t\t\t\t\t\t<\/a>\n\t\t\t\t\t\t\t\t\t\t\t\t\t\t\t<\/div>\n\t\t\t\t<\/div>\n\t\t\t\t\t<\/div>\n\t\t<\/div>\n\t\t\t\t<div class=\"elementor-column elementor-col-33 elementor-inner-column elementor-element elementor-element-270fb73\" data-id=\"270fb73\" data-element_type=\"column\" data-e-type=\"column\">\n\t\t\t<div class=\"elementor-widget-wrap\">\n\t\t\t\t\t\t\t<\/div>\n\t\t<\/div>\n\t\t\t\t\t<\/div>\n\t\t<\/section>\n\t\t\t\t\t<\/div>\n\t\t<\/div>\n\t\t\t\t\t<\/div>\n\t\t<\/section>\n\t\t\t\t<\/div>","protected":false},"excerpt":{"rendered":"<p>About Celia Born and raised in Rio de Janeiro, since early childhood Celia was immersed in the world of Candombl\u00e9 (an Afro-Brazilian religion), the schools of samba, bossa nova, choro, bai\u00e3o, frevo and indigenous music, as well as Tropic\u00e1lia and political revolutionary movements. By the age of 18, Celia was completely supporting herself through music [&hellip;]<\/p>\n","protected":false},"author":1,"featured_media":0,"parent":0,"menu_order":0,"comment_status":"closed","ping_status":"closed","template":"","meta":{"site-sidebar-layout":"no-sidebar","site-content-layout":"page-builder","ast-site-content-layout":"default","site-content-style":"default","site-sidebar-style":"default","ast-global-header-display":"","ast-banner-title-visibility":"","ast-main-header-display":"","ast-hfb-above-header-display":"","ast-hfb-below-header-display":"","ast-hfb-mobile-header-display":"","site-post-title":"disabled","ast-breadcrumbs-content":"","ast-featured-img":"disabled","footer-sml-layout":"","ast-disable-related-posts":"","theme-transparent-header-meta":"default","adv-header-id-meta":"","stick-header-meta":"","header-above-stick-meta":"","header-main-stick-meta":"","header-below-stick-meta":"","astra-migrate-meta-layouts":"default","ast-page-background-enabled":"default","ast-page-background-meta":{"desktop":{"background-color":"","background-image":"","background-repeat":"repeat","background-position":"center center","background-size":"auto","background-attachment":"scroll","background-type":"","background-media":"","overlay-type":"","overlay-color":"","overlay-opacity":"","overlay-gradient":""},"tablet":{"background-color":"","background-image":"","background-repeat":"repeat","background-position":"center center","background-size":"auto","background-attachment":"scroll","background-type":"","background-media":"","overlay-type":"","overlay-color":"","overlay-opacity":"","overlay-gradient":""},"mobile":{"background-color":"","background-image":"","background-repeat":"repeat","background-position":"center center","background-size":"auto","background-attachment":"scroll","background-type":"","background-media":"","overlay-type":"","overlay-color":"","overlay-opacity":"","overlay-gradient":""}},"ast-content-background-meta":{"desktop":{"background-color":"var(--ast-global-color-5)","background-image":"","background-repeat":"repeat","background-position":"center center","background-size":"auto","background-attachment":"scroll","background-type":"","background-media":"","overlay-type":"","overlay-color":"","overlay-opacity":"","overlay-gradient":""},"tablet":{"background-color":"var(--ast-global-color-5)","background-image":"","background-repeat":"repeat","background-position":"center center","background-size":"auto","background-attachment":"scroll","background-type":"","background-media":"","overlay-type":"","overlay-color":"","overlay-opacity":"","overlay-gradient":""},"mobile":{"background-color":"var(--ast-global-color-5)","background-image":"","background-repeat":"repeat","background-position":"center center","background-size":"auto","background-attachment":"scroll","background-type":"","background-media":"","overlay-type":"","overlay-color":"","overlay-opacity":"","overlay-gradient":""}},"footnotes":""},"class_list":["post-12","page","type-page","status-publish","hentry"],"jetpack_sharing_enabled":true,"_links":{"self":[{"href":"https:\/\/www.celiamalheiros.com\/pt\/wp-json\/wp\/v2\/pages\/12","targetHints":{"allow":["GET"]}}],"collection":[{"href":"https:\/\/www.celiamalheiros.com\/pt\/wp-json\/wp\/v2\/pages"}],"about":[{"href":"https:\/\/www.celiamalheiros.com\/pt\/wp-json\/wp\/v2\/types\/page"}],"author":[{"embeddable":true,"href":"https:\/\/www.celiamalheiros.com\/pt\/wp-json\/wp\/v2\/users\/1"}],"replies":[{"embeddable":true,"href":"https:\/\/www.celiamalheiros.com\/pt\/wp-json\/wp\/v2\/comments?post=12"}],"version-history":[{"count":5,"href":"https:\/\/www.celiamalheiros.com\/pt\/wp-json\/wp\/v2\/pages\/12\/revisions"}],"predecessor-version":[{"id":1173,"href":"https:\/\/www.celiamalheiros.com\/pt\/wp-json\/wp\/v2\/pages\/12\/revisions\/1173"}],"wp:attachment":[{"href":"https:\/\/www.celiamalheiros.com\/pt\/wp-json\/wp\/v2\/media?parent=12"}],"curies":[{"name":"wp","href":"https:\/\/api.w.org\/{rel}","templated":true}]}}