{"id":1034,"date":"2020-08-11T02:36:02","date_gmt":"2020-08-11T02:36:02","guid":{"rendered":"https:\/\/celiamalheiros.com\/?page_id=1034"},"modified":"2025-01-27T23:10:02","modified_gmt":"2025-01-27T23:10:02","slug":"home-2","status":"publish","type":"page","link":"https:\/\/www.celiamalheiros.com\/pt\/","title":{"rendered":"Home"},"content":{"rendered":"<div data-elementor-type=\"wp-page\" data-elementor-id=\"1034\" class=\"elementor elementor-1034\">\n\t\t\t\t\t\t<section class=\"elementor-section elementor-top-section elementor-element elementor-element-44789b6 elementor-section-full_width elementor-section-height-default elementor-section-height-default\" data-id=\"44789b6\" data-element_type=\"section\" data-e-type=\"section\" data-settings=\"{&quot;background_background&quot;:&quot;classic&quot;}\">\n\t\t\t\t\t\t\t<div class=\"elementor-background-overlay\"><\/div>\n\t\t\t\t\t\t\t<div class=\"elementor-container elementor-column-gap-no\">\n\t\t\t\t\t<div class=\"elementor-column elementor-col-100 elementor-top-column elementor-element elementor-element-8f0bfa6\" data-id=\"8f0bfa6\" data-element_type=\"column\" data-e-type=\"column\">\n\t\t\t<div class=\"elementor-widget-wrap elementor-element-populated\">\n\t\t\t\t\t\t<div class=\"elementor-element elementor-element-fdeb9ae elementor-widget elementor-widget-spacer\" data-id=\"fdeb9ae\" data-element_type=\"widget\" data-e-type=\"widget\" data-widget_type=\"spacer.default\">\n\t\t\t\t<div class=\"elementor-widget-container\">\n\t\t\t\t\t\t\t<div class=\"elementor-spacer\">\n\t\t\t<div class=\"elementor-spacer-inner\"><\/div>\n\t\t<\/div>\n\t\t\t\t\t\t<\/div>\n\t\t\t\t<\/div>\n\t\t\t\t<section class=\"elementor-section elementor-inner-section elementor-element elementor-element-65fd078 elementor-section-full_width elementor-section-height-default elementor-section-height-default\" data-id=\"65fd078\" data-element_type=\"section\" data-e-type=\"section\" data-settings=\"{&quot;background_background&quot;:&quot;classic&quot;}\">\n\t\t\t\t\t\t<div class=\"elementor-container elementor-column-gap-default\">\n\t\t\t\t\t<div class=\"elementor-column elementor-col-50 elementor-inner-column elementor-element elementor-element-d027e95\" data-id=\"d027e95\" data-element_type=\"column\" data-e-type=\"column\" data-settings=\"{&quot;background_background&quot;:&quot;classic&quot;}\">\n\t\t\t<div class=\"elementor-widget-wrap elementor-element-populated\">\n\t\t\t\t\t<div class=\"elementor-background-overlay\"><\/div>\n\t\t\t\t\t\t<div class=\"elementor-element elementor-element-b1b2cf1 elementor-widget elementor-widget-spacer\" data-id=\"b1b2cf1\" data-element_type=\"widget\" data-e-type=\"widget\" data-widget_type=\"spacer.default\">\n\t\t\t\t<div class=\"elementor-widget-container\">\n\t\t\t\t\t\t\t<div class=\"elementor-spacer\">\n\t\t\t<div class=\"elementor-spacer-inner\"><\/div>\n\t\t<\/div>\n\t\t\t\t\t\t<\/div>\n\t\t\t\t<\/div>\n\t\t\t\t\t<\/div>\n\t\t<\/div>\n\t\t\t\t<div class=\"elementor-column elementor-col-50 elementor-inner-column elementor-element elementor-element-734a360\" data-id=\"734a360\" data-element_type=\"column\" data-e-type=\"column\">\n\t\t\t<div class=\"elementor-widget-wrap elementor-element-populated\">\n\t\t\t\t\t\t<div class=\"elementor-element elementor-element-a73583f elementor-invisible elementor-widget elementor-widget-heading\" data-id=\"a73583f\" data-element_type=\"widget\" data-e-type=\"widget\" data-settings=\"{&quot;_animation&quot;:&quot;fadeInRight&quot;,&quot;_animation_delay&quot;:200}\" data-widget_type=\"heading.default\">\n\t\t\t\t<div class=\"elementor-widget-container\">\n\t\t\t\t\t<h1 class=\"elementor-heading-title elementor-size-default\">Celia Malheiros<\/h1>\t\t\t\t<\/div>\n\t\t\t\t<\/div>\n\t\t\t\t<div class=\"elementor-element elementor-element-a7af1da elementor-widget elementor-widget-heading\" data-id=\"a7af1da\" data-element_type=\"widget\" data-e-type=\"widget\" data-widget_type=\"heading.default\">\n\t\t\t\t<div class=\"elementor-widget-container\">\n\t\t\t\t\t<h3 class=\"elementor-heading-title elementor-size-default\">Compositora, Cantora, Multi-instrumentista<\/h3>\t\t\t\t<\/div>\n\t\t\t\t<\/div>\n\t\t\t\t<div class=\"elementor-element elementor-element-78a7db3 elementor-widget elementor-widget-spacer\" data-id=\"78a7db3\" data-element_type=\"widget\" data-e-type=\"widget\" data-widget_type=\"spacer.default\">\n\t\t\t\t<div class=\"elementor-widget-container\">\n\t\t\t\t\t\t\t<div class=\"elementor-spacer\">\n\t\t\t<div class=\"elementor-spacer-inner\"><\/div>\n\t\t<\/div>\n\t\t\t\t\t\t<\/div>\n\t\t\t\t<\/div>\n\t\t\t\t<div class=\"elementor-element elementor-element-89d74cf elementor-align-center elementor-widget elementor-widget-button\" data-id=\"89d74cf\" data-element_type=\"widget\" data-e-type=\"widget\" data-widget_type=\"button.default\">\n\t\t\t\t<div class=\"elementor-widget-container\">\n\t\t\t\t\t\t\t\t\t<div class=\"elementor-button-wrapper\">\n\t\t\t\t\t<a class=\"elementor-button elementor-button-link elementor-size-lg\" href=\"https:\/\/www.celiamalheiros.com\/pt\/MyBlog\/commisioned-work\/\">\n\t\t\t\t\t\t<span class=\"elementor-button-content-wrapper\">\n\t\t\t\t\t\t\t\t\t<span class=\"elementor-button-text\">Encomende um Projeto<\/span>\n\t\t\t\t\t<\/span>\n\t\t\t\t\t<\/a>\n\t\t\t\t<\/div>\n\t\t\t\t\t\t\t\t<\/div>\n\t\t\t\t<\/div>\n\t\t\t\t<div class=\"elementor-element elementor-element-10b9a2c elementor-widget elementor-widget-spacer\" data-id=\"10b9a2c\" data-element_type=\"widget\" data-e-type=\"widget\" data-widget_type=\"spacer.default\">\n\t\t\t\t<div class=\"elementor-widget-container\">\n\t\t\t\t\t\t\t<div class=\"elementor-spacer\">\n\t\t\t<div class=\"elementor-spacer-inner\"><\/div>\n\t\t<\/div>\n\t\t\t\t\t\t<\/div>\n\t\t\t\t<\/div>\n\t\t\t\t<div class=\"elementor-element elementor-element-9fd41b9 elementor-widget elementor-widget-heading\" data-id=\"9fd41b9\" data-element_type=\"widget\" data-e-type=\"widget\" data-widget_type=\"heading.default\">\n\t\t\t\t<div class=\"elementor-widget-container\">\n\t\t\t\t\t<h3 class=\"elementor-heading-title elementor-size-default\">Pr\u00f3ximo Lan\u00e7amento:<\/h3>\t\t\t\t<\/div>\n\t\t\t\t<\/div>\n\t\t\t\t<div class=\"elementor-element elementor-element-c9c318b elementor-widget elementor-widget-video\" data-id=\"c9c318b\" data-element_type=\"widget\" data-e-type=\"widget\" data-settings=\"{&quot;youtube_url&quot;:&quot;https:\\\/\\\/youtu.be\\\/Dm0fRkx7CWg&quot;,&quot;video_type&quot;:&quot;youtube&quot;,&quot;controls&quot;:&quot;yes&quot;}\" data-widget_type=\"video.default\">\n\t\t\t\t<div class=\"elementor-widget-container\">\n\t\t\t\t\t\t\t<div class=\"elementor-wrapper elementor-open-inline\">\n\t\t\t<div class=\"elementor-video\"><\/div>\t\t<\/div>\n\t\t\t\t\t\t<\/div>\n\t\t\t\t<\/div>\n\t\t\t\t\t<\/div>\n\t\t<\/div>\n\t\t\t\t\t<\/div>\n\t\t<\/section>\n\t\t\t\t\t<\/div>\n\t\t<\/div>\n\t\t\t\t\t<\/div>\n\t\t<\/section>\n\t\t\t\t<section class=\"elementor-section elementor-top-section elementor-element elementor-element-2bacb1f elementor-section-boxed elementor-section-height-default elementor-section-height-default\" data-id=\"2bacb1f\" data-element_type=\"section\" data-e-type=\"section\" data-settings=\"{&quot;background_background&quot;:&quot;gradient&quot;}\">\n\t\t\t\t\t\t<div class=\"elementor-container elementor-column-gap-default\">\n\t\t\t\t\t<div class=\"elementor-column elementor-col-100 elementor-top-column elementor-element elementor-element-0a37e66\" data-id=\"0a37e66\" data-element_type=\"column\" data-e-type=\"column\">\n\t\t\t<div class=\"elementor-widget-wrap elementor-element-populated\">\n\t\t\t\t\t\t<div class=\"elementor-element elementor-element-84cffbe elementor-widget elementor-widget-heading\" data-id=\"84cffbe\" data-element_type=\"widget\" data-e-type=\"widget\" data-widget_type=\"heading.default\">\n\t\t\t\t<div class=\"elementor-widget-container\">\n\t\t\t\t\t<h2 class=\"elementor-heading-title elementor-size-default\">Discografia<\/h2>\t\t\t\t<\/div>\n\t\t\t\t<\/div>\n\t\t\t\t<section class=\"elementor-section elementor-inner-section elementor-element elementor-element-1c28aaf elementor-section-boxed elementor-section-height-default elementor-section-height-default\" data-id=\"1c28aaf\" data-element_type=\"section\" data-e-type=\"section\">\n\t\t\t\t\t\t<div class=\"elementor-container elementor-column-gap-default\">\n\t\t\t\t\t<div class=\"elementor-column elementor-col-33 elementor-inner-column elementor-element elementor-element-c537fd8\" data-id=\"c537fd8\" data-element_type=\"column\" data-e-type=\"column\">\n\t\t\t<div class=\"elementor-widget-wrap elementor-element-populated\">\n\t\t\t\t\t\t<div class=\"elementor-element elementor-element-cb1d7e2 elementor-widget elementor-widget-image\" data-id=\"cb1d7e2\" data-element_type=\"widget\" data-e-type=\"widget\" data-widget_type=\"image.default\">\n\t\t\t\t<div class=\"elementor-widget-container\">\n\t\t\t\t\t\t\t\t\t\t\t\t\t\t\t\t<a href=\"https:\/\/www.celiamalheiros.com\/pt\/MyBlog\/music\/#cb\">\n\t\t\t\t\t\t\t<img fetchpriority=\"high\" decoding=\"async\" width=\"1015\" height=\"1024\" src=\"https:\/\/i0.wp.com\/www.celiamalheiros.com\/wp-content\/uploads\/2020\/08\/cenariobrasileiro.jpg?fit=1015%2C1024&amp;ssl=1\" class=\"attachment-large size-large wp-image-983\" alt=\"\" srcset=\"https:\/\/i0.wp.com\/www.celiamalheiros.com\/wp-content\/uploads\/2020\/08\/cenariobrasileiro.jpg?w=1190&amp;ssl=1 1190w, https:\/\/i0.wp.com\/www.celiamalheiros.com\/wp-content\/uploads\/2020\/08\/cenariobrasileiro.jpg?resize=298%2C300&amp;ssl=1 298w, https:\/\/i0.wp.com\/www.celiamalheiros.com\/wp-content\/uploads\/2020\/08\/cenariobrasileiro.jpg?resize=1015%2C1024&amp;ssl=1 1015w, https:\/\/i0.wp.com\/www.celiamalheiros.com\/wp-content\/uploads\/2020\/08\/cenariobrasileiro.jpg?resize=150%2C150&amp;ssl=1 150w, https:\/\/i0.wp.com\/www.celiamalheiros.com\/wp-content\/uploads\/2020\/08\/cenariobrasileiro.jpg?resize=768%2C774&amp;ssl=1 768w, https:\/\/i0.wp.com\/www.celiamalheiros.com\/wp-content\/uploads\/2020\/08\/cenariobrasileiro.jpg?resize=600%2C605&amp;ssl=1 600w, https:\/\/i0.wp.com\/www.celiamalheiros.com\/wp-content\/uploads\/2020\/08\/cenariobrasileiro.jpg?resize=100%2C100&amp;ssl=1 100w\" sizes=\"(max-width: 1015px) 100vw, 1015px\" \/>\t\t\t\t\t\t\t\t<\/a>\n\t\t\t\t\t\t\t\t\t\t\t\t\t\t\t<\/div>\n\t\t\t\t<\/div>\n\t\t\t\t\t<\/div>\n\t\t<\/div>\n\t\t\t\t<div class=\"elementor-column elementor-col-33 elementor-inner-column elementor-element elementor-element-26cb498\" data-id=\"26cb498\" data-element_type=\"column\" data-e-type=\"column\">\n\t\t\t<div class=\"elementor-widget-wrap elementor-element-populated\">\n\t\t\t\t\t\t<div class=\"elementor-element elementor-element-e713be6 elementor-widget elementor-widget-image\" data-id=\"e713be6\" data-element_type=\"widget\" data-e-type=\"widget\" data-widget_type=\"image.default\">\n\t\t\t\t<div class=\"elementor-widget-container\">\n\t\t\t\t\t\t\t\t\t\t\t\t\t\t\t\t<a href=\"https:\/\/www.celiamalheiros.com\/pt\/MyBlog\/music\/#atc\">\n\t\t\t\t\t\t\t<img decoding=\"async\" width=\"1024\" height=\"921\" src=\"https:\/\/i0.wp.com\/www.celiamalheiros.com\/wp-content\/uploads\/2020\/08\/afterthecarnaval1-scaled.jpeg?fit=1024%2C921&amp;ssl=1\" class=\"attachment-large size-large wp-image-1088\" alt=\"\" srcset=\"https:\/\/i0.wp.com\/www.celiamalheiros.com\/wp-content\/uploads\/2020\/08\/afterthecarnaval1-scaled.jpeg?w=2560&amp;ssl=1 2560w, https:\/\/i0.wp.com\/www.celiamalheiros.com\/wp-content\/uploads\/2020\/08\/afterthecarnaval1-scaled.jpeg?resize=300%2C270&amp;ssl=1 300w, https:\/\/i0.wp.com\/www.celiamalheiros.com\/wp-content\/uploads\/2020\/08\/afterthecarnaval1-scaled.jpeg?resize=1024%2C921&amp;ssl=1 1024w, https:\/\/i0.wp.com\/www.celiamalheiros.com\/wp-content\/uploads\/2020\/08\/afterthecarnaval1-scaled.jpeg?resize=768%2C691&amp;ssl=1 768w, https:\/\/i0.wp.com\/www.celiamalheiros.com\/wp-content\/uploads\/2020\/08\/afterthecarnaval1-scaled.jpeg?resize=1536%2C1382&amp;ssl=1 1536w, https:\/\/i0.wp.com\/www.celiamalheiros.com\/wp-content\/uploads\/2020\/08\/afterthecarnaval1-scaled.jpeg?resize=2048%2C1843&amp;ssl=1 2048w, https:\/\/i0.wp.com\/www.celiamalheiros.com\/wp-content\/uploads\/2020\/08\/afterthecarnaval1-scaled.jpeg?resize=600%2C540&amp;ssl=1 600w, https:\/\/i0.wp.com\/www.celiamalheiros.com\/wp-content\/uploads\/2020\/08\/afterthecarnaval1-scaled.jpeg?w=2400&amp;ssl=1 2400w\" sizes=\"(max-width: 1024px) 100vw, 1024px\" \/>\t\t\t\t\t\t\t\t<\/a>\n\t\t\t\t\t\t\t\t\t\t\t\t\t\t\t<\/div>\n\t\t\t\t<\/div>\n\t\t\t\t\t<\/div>\n\t\t<\/div>\n\t\t\t\t<div class=\"elementor-column elementor-col-33 elementor-inner-column elementor-element elementor-element-2587e99\" data-id=\"2587e99\" data-element_type=\"column\" data-e-type=\"column\">\n\t\t\t<div class=\"elementor-widget-wrap elementor-element-populated\">\n\t\t\t\t\t\t<div class=\"elementor-element elementor-element-f64b1ec elementor-widget elementor-widget-image\" data-id=\"f64b1ec\" data-element_type=\"widget\" data-e-type=\"widget\" data-widget_type=\"image.default\">\n\t\t\t\t<div class=\"elementor-widget-container\">\n\t\t\t\t\t\t\t\t\t\t\t\t\t\t\t\t<a href=\"https:\/\/www.celiamalheiros.com\/pt\/MyBlog\/music\/#sc\">\n\t\t\t\t\t\t\t<img decoding=\"async\" width=\"1024\" height=\"1024\" src=\"https:\/\/i0.wp.com\/www.celiamalheiros.com\/wp-content\/uploads\/2020\/07\/image00002-scaled.jpg?fit=1024%2C1024&amp;ssl=1\" class=\"attachment-large size-large wp-image-738\" alt=\"\" srcset=\"https:\/\/i0.wp.com\/www.celiamalheiros.com\/wp-content\/uploads\/2020\/07\/image00002-scaled.jpg?w=2560&amp;ssl=1 2560w, https:\/\/i0.wp.com\/www.celiamalheiros.com\/wp-content\/uploads\/2020\/07\/image00002-scaled.jpg?resize=300%2C300&amp;ssl=1 300w, https:\/\/i0.wp.com\/www.celiamalheiros.com\/wp-content\/uploads\/2020\/07\/image00002-scaled.jpg?resize=1024%2C1024&amp;ssl=1 1024w, https:\/\/i0.wp.com\/www.celiamalheiros.com\/wp-content\/uploads\/2020\/07\/image00002-scaled.jpg?resize=150%2C150&amp;ssl=1 150w, https:\/\/i0.wp.com\/www.celiamalheiros.com\/wp-content\/uploads\/2020\/07\/image00002-scaled.jpg?resize=768%2C768&amp;ssl=1 768w, https:\/\/i0.wp.com\/www.celiamalheiros.com\/wp-content\/uploads\/2020\/07\/image00002-scaled.jpg?resize=1536%2C1536&amp;ssl=1 1536w, https:\/\/i0.wp.com\/www.celiamalheiros.com\/wp-content\/uploads\/2020\/07\/image00002-scaled.jpg?resize=2048%2C2048&amp;ssl=1 2048w, https:\/\/i0.wp.com\/www.celiamalheiros.com\/wp-content\/uploads\/2020\/07\/image00002-scaled.jpg?w=2400&amp;ssl=1 2400w\" sizes=\"(max-width: 1024px) 100vw, 1024px\" \/>\t\t\t\t\t\t\t\t<\/a>\n\t\t\t\t\t\t\t\t\t\t\t\t\t\t\t<\/div>\n\t\t\t\t<\/div>\n\t\t\t\t\t<\/div>\n\t\t<\/div>\n\t\t\t\t\t<\/div>\n\t\t<\/section>\n\t\t\t\t<div class=\"elementor-element elementor-element-a877721 elementor-widget-divider--view-line elementor-widget elementor-widget-divider\" data-id=\"a877721\" data-element_type=\"widget\" data-e-type=\"widget\" data-widget_type=\"divider.default\">\n\t\t\t\t<div class=\"elementor-widget-container\">\n\t\t\t\t\t\t\t<div class=\"elementor-divider\">\n\t\t\t<span class=\"elementor-divider-separator\">\n\t\t\t\t\t\t<\/span>\n\t\t<\/div>\n\t\t\t\t\t\t<\/div>\n\t\t\t\t<\/div>\n\t\t\t\t<div class=\"elementor-element elementor-element-544b16a elementor-widget elementor-widget-heading\" data-id=\"544b16a\" data-element_type=\"widget\" data-e-type=\"widget\" data-widget_type=\"heading.default\">\n\t\t\t\t<div class=\"elementor-widget-container\">\n\t\t\t\t\t<h2 class=\"elementor-heading-title elementor-size-default\">Livro de Viol\u00e3o Brasileiro<\/h2>\t\t\t\t<\/div>\n\t\t\t\t<\/div>\n\t\t\t\t<div class=\"elementor-element elementor-element-1f3459b elementor-widget elementor-widget-text-editor\" data-id=\"1f3459b\" data-element_type=\"widget\" data-e-type=\"widget\" data-widget_type=\"text-editor.default\">\n\t\t\t\t<div class=\"elementor-widget-container\">\n\t\t\t\t\t\t\t\t\t<p>Uma cole\u00e7\u00e3o de cinco composi\u00e7\u00f5es escritas especificamente para viol\u00e3o. Para violonistas iniciantes e avan\u00e7ados, bem como para aqueles que procuram adicionar novas can\u00e7\u00f5es brasileiras ao seu repert\u00f3rio.<\/p>\t\t\t\t\t\t\t\t<\/div>\n\t\t\t\t<\/div>\n\t\t\t\t<section class=\"elementor-section elementor-inner-section elementor-element elementor-element-7af90bd elementor-section-boxed elementor-section-height-default elementor-section-height-default\" data-id=\"7af90bd\" data-element_type=\"section\" data-e-type=\"section\">\n\t\t\t\t\t\t<div class=\"elementor-container elementor-column-gap-default\">\n\t\t\t\t\t<div class=\"elementor-column elementor-col-50 elementor-inner-column elementor-element elementor-element-7793abd\" data-id=\"7793abd\" data-element_type=\"column\" data-e-type=\"column\">\n\t\t\t<div class=\"elementor-widget-wrap elementor-element-populated\">\n\t\t\t\t\t\t<div class=\"elementor-element elementor-element-8596868 elementor-widget elementor-widget-image\" data-id=\"8596868\" data-element_type=\"widget\" data-e-type=\"widget\" data-widget_type=\"image.default\">\n\t\t\t\t<div class=\"elementor-widget-container\">\n\t\t\t\t\t\t\t\t\t\t\t\t\t\t\t\t<a href=\"https:\/\/www.celiamalheiros.com\/pt\/MyBlog\/music\/#book\">\n\t\t\t\t\t\t\t<img decoding=\"async\" src=\"https:\/\/i0.wp.com\/www.celiamalheiros.com\/wp-content\/uploads\/2020\/07\/57770-Guitar-Book-Final_Hi2-dragged.jpg?fit=1024%2C1024&amp;ssl=1\" class=\"attachment-large size-large wp-image-829\" alt=\"\" \/>\t\t\t\t\t\t\t\t<\/a>\n\t\t\t\t\t\t\t\t\t\t\t\t\t\t\t<\/div>\n\t\t\t\t<\/div>\n\t\t\t\t\t<\/div>\n\t\t<\/div>\n\t\t\t\t<div class=\"elementor-column elementor-col-50 elementor-inner-column elementor-element elementor-element-0e36317\" data-id=\"0e36317\" data-element_type=\"column\" data-e-type=\"column\">\n\t\t\t<div class=\"elementor-widget-wrap elementor-element-populated\">\n\t\t\t\t\t\t<div class=\"elementor-element elementor-element-b99d537 elementor-widget elementor-widget-text-editor\" data-id=\"b99d537\" data-element_type=\"widget\" data-e-type=\"widget\" data-widget_type=\"text-editor.default\">\n\t\t\t\t<div class=\"elementor-widget-container\">\n\t\t\t\t\t\t\t\t\t<p class=\"translation-block\">\u201c\u00c9 sempre um prazer quando um compositor dedica algumas obras ao viol\u00e3o brasileiro. Esta maravilhosa cole\u00e7\u00e3o da autoria de Celia Malheiros certamente d\u00e1 uma contribui\u00e7\u00e3o significativa ao nosso escasso material impresso. As cinco pe\u00e7as inclu\u00eddas aqui s\u00e3o exemplos perfeitos de como diferentes estilos brasileiros podem ser t\u00e3o bem combinaods com harmonias de jazz. Parab\u00e9ns Celia Malheiros pela dedica\u00e7\u00e3o e rigor deste trabalho.\u201d <br><strong>-Paulo Bellinati<\/strong><\/p>\t\t\t\t\t\t\t\t<\/div>\n\t\t\t\t<\/div>\n\t\t\t\t\t<\/div>\n\t\t<\/div>\n\t\t\t\t\t<\/div>\n\t\t<\/section>\n\t\t\t\t\t<\/div>\n\t\t<\/div>\n\t\t\t\t\t<\/div>\n\t\t<\/section>\n\t\t\t\t<section class=\"elementor-section elementor-top-section elementor-element elementor-element-84453c8 elementor-section-boxed elementor-section-height-default elementor-section-height-default\" data-id=\"84453c8\" data-element_type=\"section\" data-e-type=\"section\">\n\t\t\t\t\t\t<div class=\"elementor-container elementor-column-gap-default\">\n\t\t\t\t\t<div class=\"elementor-column elementor-col-100 elementor-top-column elementor-element elementor-element-8930279\" data-id=\"8930279\" data-element_type=\"column\" data-e-type=\"column\">\n\t\t\t<div class=\"elementor-widget-wrap elementor-element-populated\">\n\t\t\t\t\t\t<div class=\"elementor-element elementor-element-d926b9c elementor-widget elementor-widget-heading\" data-id=\"d926b9c\" data-element_type=\"widget\" data-e-type=\"widget\" data-widget_type=\"heading.default\">\n\t\t\t\t<div class=\"elementor-widget-container\">\n\t\t\t\t\t<h2 class=\"elementor-heading-title elementor-size-default\">Youtube Channel<\/h2>\t\t\t\t<\/div>\n\t\t\t\t<\/div>\n\t\t\t\t<div class=\"elementor-element elementor-element-1a5f740 elementor-shape-rounded elementor-grid-0 e-grid-align-center elementor-widget elementor-widget-social-icons\" data-id=\"1a5f740\" data-element_type=\"widget\" data-e-type=\"widget\" data-widget_type=\"social-icons.default\">\n\t\t\t\t<div class=\"elementor-widget-container\">\n\t\t\t\t\t\t\t<div class=\"elementor-social-icons-wrapper elementor-grid\">\n\t\t\t\t\t\t\t<span class=\"elementor-grid-item\">\n\t\t\t\t\t<a class=\"elementor-icon elementor-social-icon elementor-social-icon-youtube elementor-repeater-item-bd74f68\" href=\"https:\/\/www.youtube.com\/@celiamalheiros\" target=\"_blank\">\n\t\t\t\t\t\t<span class=\"elementor-screen-only\">Youtube<\/span>\n\t\t\t\t\t\t<i aria-hidden=\"true\" class=\"fab fa-youtube\"><\/i>\t\t\t\t\t<\/a>\n\t\t\t\t<\/span>\n\t\t\t\t\t<\/div>\n\t\t\t\t\t\t<\/div>\n\t\t\t\t<\/div>\n\t\t\t\t\t<\/div>\n\t\t<\/div>\n\t\t\t\t\t<\/div>\n\t\t<\/section>\n\t\t\t\t<\/div>","protected":false},"excerpt":{"rendered":"<p>Cristina Jones Colors And Shapes Inspire Me&#8230; Mauris blandit aliquet elit, eget tincidunt nibh pulvinar a. Donec sollicitudin molestie malesuada. Curabitur arcu erat, accumsan id imperdiet et, porttitor at sem. Donec sollicitudin molestie malesuada. Cras ultricies ligula sed magna dictum porta. Quisque velit nisi, pretium ut lacinia in, elementum id enim. Donec rutrum congue leo &hellip;<\/p>\n<p class=\"read-more\"> <a class=\"\" href=\"https:\/\/websitedemos.net\/artist-02\/\"> <span class=\"screen-reader-text\">Home<\/span> Read More &raquo;<\/a><\/p>","protected":false},"author":1,"featured_media":0,"parent":0,"menu_order":0,"comment_status":"closed","ping_status":"closed","template":"elementor_header_footer","meta":{"site-sidebar-layout":"no-sidebar","site-content-layout":"page-builder","ast-site-content-layout":"default","site-content-style":"default","site-sidebar-style":"default","ast-global-header-display":"","ast-banner-title-visibility":"","ast-main-header-display":"","ast-hfb-above-header-display":"","ast-hfb-below-header-display":"","ast-hfb-mobile-header-display":"","site-post-title":"disabled","ast-breadcrumbs-content":"","ast-featured-img":"disabled","footer-sml-layout":"","ast-disable-related-posts":"","theme-transparent-header-meta":"default","adv-header-id-meta":"","stick-header-meta":"","header-above-stick-meta":"","header-main-stick-meta":"","header-below-stick-meta":"","astra-migrate-meta-layouts":"default","ast-page-background-enabled":"default","ast-page-background-meta":{"desktop":{"background-color":"","background-image":"","background-repeat":"repeat","background-position":"center center","background-size":"auto","background-attachment":"scroll","background-type":"","background-media":"","overlay-type":"","overlay-color":"","overlay-opacity":"","overlay-gradient":""},"tablet":{"background-color":"","background-image":"","background-repeat":"repeat","background-position":"center center","background-size":"auto","background-attachment":"scroll","background-type":"","background-media":"","overlay-type":"","overlay-color":"","overlay-opacity":"","overlay-gradient":""},"mobile":{"background-color":"","background-image":"","background-repeat":"repeat","background-position":"center center","background-size":"auto","background-attachment":"scroll","background-type":"","background-media":"","overlay-type":"","overlay-color":"","overlay-opacity":"","overlay-gradient":""}},"ast-content-background-meta":{"desktop":{"background-color":"var(--ast-global-color-5)","background-image":"","background-repeat":"repeat","background-position":"center center","background-size":"auto","background-attachment":"scroll","background-type":"","background-media":"","overlay-type":"","overlay-color":"","overlay-opacity":"","overlay-gradient":""},"tablet":{"background-color":"var(--ast-global-color-5)","background-image":"","background-repeat":"repeat","background-position":"center center","background-size":"auto","background-attachment":"scroll","background-type":"","background-media":"","overlay-type":"","overlay-color":"","overlay-opacity":"","overlay-gradient":""},"mobile":{"background-color":"var(--ast-global-color-5)","background-image":"","background-repeat":"repeat","background-position":"center center","background-size":"auto","background-attachment":"scroll","background-type":"","background-media":"","overlay-type":"","overlay-color":"","overlay-opacity":"","overlay-gradient":""}},"footnotes":""},"class_list":["post-1034","page","type-page","status-publish","hentry"],"jetpack_sharing_enabled":true,"_links":{"self":[{"href":"https:\/\/www.celiamalheiros.com\/pt\/wp-json\/wp\/v2\/pages\/1034","targetHints":{"allow":["GET"]}}],"collection":[{"href":"https:\/\/www.celiamalheiros.com\/pt\/wp-json\/wp\/v2\/pages"}],"about":[{"href":"https:\/\/www.celiamalheiros.com\/pt\/wp-json\/wp\/v2\/types\/page"}],"author":[{"embeddable":true,"href":"https:\/\/www.celiamalheiros.com\/pt\/wp-json\/wp\/v2\/users\/1"}],"replies":[{"embeddable":true,"href":"https:\/\/www.celiamalheiros.com\/pt\/wp-json\/wp\/v2\/comments?post=1034"}],"version-history":[{"count":5,"href":"https:\/\/www.celiamalheiros.com\/pt\/wp-json\/wp\/v2\/pages\/1034\/revisions"}],"predecessor-version":[{"id":1623,"href":"https:\/\/www.celiamalheiros.com\/pt\/wp-json\/wp\/v2\/pages\/1034\/revisions\/1623"}],"wp:attachment":[{"href":"https:\/\/www.celiamalheiros.com\/pt\/wp-json\/wp\/v2\/media?parent=1034"}],"curies":[{"name":"wp","href":"https:\/\/api.w.org\/{rel}","templated":true}]}}